{"id":1501,"date":"2022-01-29T12:03:50","date_gmt":"2022-01-29T11:03:50","guid":{"rendered":"https:\/\/www.sktlib.cz\/?page_id=1501"},"modified":"2026-03-31T16:11:49","modified_gmt":"2026-03-31T14:11:49","slug":"tym-skt","status":"publish","type":"page","link":"https:\/\/www.sktlib.cz\/?page_id=1501","title":{"rendered":"T\u00fdm SKT"},"content":{"rendered":"\n<p class=\"wp-block-paragraph\">V SKT se m\u016f\u017eete aktu\u00e1ln\u011b potkat s t\u011bmito lidmi. Na konci roku jsme se rozlou\u010dili s Mgr. Janem Knopem a MUDr.Janou Machanderovou (d\u016fchod), Mgr.Ditou Hotiovou (MD a odchod do Prahy) a MUDr.Jindrou Friedrichovou (svou pr\u00e1ci stahuje do Jablonce, kde je d\u00e1le dostupn\u00e1). Mgr, Petra Jirk\u016fov\u00e1 st\u00e1le na MD. Postupn\u011b p\u0159ij\u00edm\u00e1me nov\u00e9 kolegy, MUDr. Marcelu Linhartovou, MUDr. Jana \u0160vorce a Mgr. Lucii Orlovou.<\/p>\n\n\n\n<div class=\"wp-block-group has-cyan-bluish-gray-background-color has-background is-vertical is-layout-flex wp-container-core-group-is-layout-f6c24de4 wp-block-group-is-layout-flex\" style=\"border-style:none;border-width:0px;border-radius:0px;margin-top:0;margin-bottom:0;padding-top:0;padding-right:0;padding-bottom:0;padding-left:0\">\n<figure class=\"wp-block-gallery has-nested-images columns-5 is-cropped has-white-background-color has-background wp-block-gallery-1 is-layout-flex wp-block-gallery-is-layout-flex\">\n<figure class=\"wp-block-image size-large\"><a href=\"https:\/\/www.sktlib.cz\/?page_id=82\"><img loading=\"lazy\" decoding=\"async\" width=\"800\" height=\"800\" data-id=\"984\" src=\"https:\/\/www.sktlib.cz\/wp-content\/uploads\/2019\/01\/chvala-ctverec.png\" alt=\"\" class=\"wp-image-984\" srcset=\"https:\/\/www.sktlib.cz\/wp-content\/uploads\/2019\/01\/chvala-ctverec.png 800w, https:\/\/www.sktlib.cz\/wp-content\/uploads\/2019\/01\/chvala-ctverec-150x150.png 150w, https:\/\/www.sktlib.cz\/wp-content\/uploads\/2019\/01\/chvala-ctverec-300x300.png 300w, https:\/\/www.sktlib.cz\/wp-content\/uploads\/2019\/01\/chvala-ctverec-768x768.png 768w\" sizes=\"auto, (max-width: 800px) 100vw, 800px\" \/><\/a><figcaption class=\"wp-element-caption\">MUDr.Vladislav Chv\u00e1la<\/figcaption><\/figure>\n\n\n\n<figure class=\"wp-block-image size-large\"><a href=\"https:\/\/www.sktlib.cz\/?page_id=109\" target=\"_blank\" rel=\"noopener\"><img loading=\"lazy\" decoding=\"async\" width=\"3409\" height=\"3409\" data-id=\"120\" src=\"https:\/\/www.sktlib.cz\/wp-content\/uploads\/2013\/08\/trapkova-ctverec.jpg\" alt=\"\" class=\"wp-image-120\" srcset=\"https:\/\/www.sktlib.cz\/wp-content\/uploads\/2013\/08\/trapkova-ctverec.jpg 3409w, https:\/\/www.sktlib.cz\/wp-content\/uploads\/2013\/08\/trapkova-ctverec-150x150.jpg 150w, https:\/\/www.sktlib.cz\/wp-content\/uploads\/2013\/08\/trapkova-ctverec-300x300.jpg 300w, https:\/\/www.sktlib.cz\/wp-content\/uploads\/2013\/08\/trapkova-ctverec-1024x1024.jpg 1024w\" sizes=\"auto, (max-width: 3409px) 100vw, 3409px\" \/><\/a><figcaption class=\"wp-element-caption\">PhDr. Ludmila Trapkov\u00e1<\/figcaption><\/figure>\n\n\n\n<figure class=\"wp-block-image size-large\"><a href=\"https:\/\/www.sktlib.cz\/?page_id=283\" target=\"_blank\" rel=\"noopener\"><img loading=\"lazy\" decoding=\"async\" width=\"3153\" height=\"3153\" data-id=\"23\" src=\"https:\/\/www.sktlib.cz\/wp-content\/uploads\/2013\/08\/IMG_0935.jpg\" alt=\"\" class=\"wp-image-23\" srcset=\"https:\/\/www.sktlib.cz\/wp-content\/uploads\/2013\/08\/IMG_0935.jpg 3153w, https:\/\/www.sktlib.cz\/wp-content\/uploads\/2013\/08\/IMG_0935-150x150.jpg 150w, https:\/\/www.sktlib.cz\/wp-content\/uploads\/2013\/08\/IMG_0935-300x300.jpg 300w, https:\/\/www.sktlib.cz\/wp-content\/uploads\/2013\/08\/IMG_0935-1024x1024.jpg 1024w\" sizes=\"auto, (max-width: 3153px) 100vw, 3153px\" \/><\/a><figcaption class=\"wp-element-caption\">Mark\u00e9ta Finkousov\u00e1<\/figcaption><\/figure>\n\n\n\n<figure class=\"wp-block-image size-large\"><a href=\"https:\/\/www.sktlib.cz\/?page_id=283\"><img loading=\"lazy\" decoding=\"async\" width=\"2257\" height=\"2257\" data-id=\"48\" src=\"https:\/\/www.sktlib.cz\/wp-content\/uploads\/2013\/08\/Radka-Menclov\u00e1.jpg\" alt=\"\" class=\"wp-image-48\" srcset=\"https:\/\/www.sktlib.cz\/wp-content\/uploads\/2013\/08\/Radka-Menclov\u00e1.jpg 2257w, https:\/\/www.sktlib.cz\/wp-content\/uploads\/2013\/08\/Radka-Menclov\u00e1-150x150.jpg 150w, https:\/\/www.sktlib.cz\/wp-content\/uploads\/2013\/08\/Radka-Menclov\u00e1-300x300.jpg 300w, https:\/\/www.sktlib.cz\/wp-content\/uploads\/2013\/08\/Radka-Menclov\u00e1-1024x1024.jpg 1024w\" sizes=\"auto, (max-width: 2257px) 100vw, 2257px\" \/><\/a><figcaption class=\"wp-element-caption\">Radka Menclov\u00e1<\/figcaption><\/figure>\n\n\n\n<figure class=\"wp-block-image size-large\"><img loading=\"lazy\" decoding=\"async\" width=\"1024\" height=\"808\" data-id=\"1651\" src=\"https:\/\/www.sktlib.cz\/wp-content\/uploads\/2023\/06\/foto-simona-1024x808.jpg\" alt=\"\" class=\"wp-image-1651\" srcset=\"https:\/\/www.sktlib.cz\/wp-content\/uploads\/2023\/06\/foto-simona-1024x808.jpg 1024w, https:\/\/www.sktlib.cz\/wp-content\/uploads\/2023\/06\/foto-simona-300x237.jpg 300w, https:\/\/www.sktlib.cz\/wp-content\/uploads\/2023\/06\/foto-simona-150x118.jpg 150w, https:\/\/www.sktlib.cz\/wp-content\/uploads\/2023\/06\/foto-simona-768x606.jpg 768w, https:\/\/www.sktlib.cz\/wp-content\/uploads\/2023\/06\/foto-simona-1536x1212.jpg 1536w, https:\/\/www.sktlib.cz\/wp-content\/uploads\/2023\/06\/foto-simona-2048x1616.jpg 2048w\" sizes=\"auto, (max-width: 1024px) 100vw, 1024px\" \/><figcaption class=\"wp-element-caption\">Simona Vittekov\u00e1<\/figcaption><\/figure>\n\n\n\n<figure class=\"wp-block-image size-large\"><img loading=\"lazy\" decoding=\"async\" width=\"939\" height=\"1024\" data-id=\"1794\" src=\"https:\/\/www.sktlib.cz\/wp-content\/uploads\/2024\/09\/Furst-foto-939x1024.png\" alt=\"\" class=\"wp-image-1794\" srcset=\"https:\/\/www.sktlib.cz\/wp-content\/uploads\/2024\/09\/Furst-foto-939x1024.png 939w, https:\/\/www.sktlib.cz\/wp-content\/uploads\/2024\/09\/Furst-foto-275x300.png 275w, https:\/\/www.sktlib.cz\/wp-content\/uploads\/2024\/09\/Furst-foto-138x150.png 138w, https:\/\/www.sktlib.cz\/wp-content\/uploads\/2024\/09\/Furst-foto-768x838.png 768w, https:\/\/www.sktlib.cz\/wp-content\/uploads\/2024\/09\/Furst-foto.png 1368w\" sizes=\"auto, (max-width: 939px) 100vw, 939px\" \/><figcaption class=\"wp-element-caption\">MUDr. Ale\u0161 F\u00fcrst<\/figcaption><\/figure>\n\n\n\n<figure class=\"wp-block-image size-full\"><img loading=\"lazy\" decoding=\"async\" width=\"919\" height=\"919\" data-id=\"1807\" src=\"https:\/\/www.sktlib.cz\/wp-content\/uploads\/2024\/09\/foto_svrcinova.png\" alt=\"\" class=\"wp-image-1807\" srcset=\"https:\/\/www.sktlib.cz\/wp-content\/uploads\/2024\/09\/foto_svrcinova.png 919w, https:\/\/www.sktlib.cz\/wp-content\/uploads\/2024\/09\/foto_svrcinova-300x300.png 300w, https:\/\/www.sktlib.cz\/wp-content\/uploads\/2024\/09\/foto_svrcinova-150x150.png 150w, https:\/\/www.sktlib.cz\/wp-content\/uploads\/2024\/09\/foto_svrcinova-768x768.png 768w, https:\/\/www.sktlib.cz\/wp-content\/uploads\/2024\/09\/foto_svrcinova-270x270.png 270w, https:\/\/www.sktlib.cz\/wp-content\/uploads\/2024\/09\/foto_svrcinova-230x230.png 230w\" sizes=\"auto, (max-width: 919px) 100vw, 919px\" \/><figcaption class=\"wp-element-caption\">MUDr. Lenka Svr\u010dinov\u00e1<\/figcaption><\/figure>\n\n\n\n<figure class=\"wp-block-image size-large\"><a href=\"https:\/\/www.sktlib.cz\/?page_id=207\"><img loading=\"lazy\" decoding=\"async\" width=\"600\" height=\"600\" data-id=\"44\" src=\"https:\/\/www.sktlib.cz\/wp-content\/uploads\/2013\/08\/Petra-P-small.jpg\" alt=\"\" class=\"wp-image-44\" srcset=\"https:\/\/www.sktlib.cz\/wp-content\/uploads\/2013\/08\/Petra-P-small.jpg 600w, https:\/\/www.sktlib.cz\/wp-content\/uploads\/2013\/08\/Petra-P-small-150x150.jpg 150w, https:\/\/www.sktlib.cz\/wp-content\/uploads\/2013\/08\/Petra-P-small-300x300.jpg 300w\" sizes=\"auto, (max-width: 600px) 100vw, 600px\" \/><\/a><figcaption class=\"wp-element-caption\">MUDr. Petra Pokorn\u00e1<\/figcaption><\/figure>\n\n\n\n<figure class=\"wp-block-image size-large\"><a href=\"https:\/\/www.sktlib.cz\/?page_id=904\"><img loading=\"lazy\" decoding=\"async\" width=\"744\" height=\"745\" data-id=\"905\" src=\"https:\/\/www.sktlib.cz\/wp-content\/uploads\/2018\/06\/heindorferov\u00e1.jpg\" alt=\"Mgr.Hana Heindorferov\u00e1\" class=\"wp-image-905\" srcset=\"https:\/\/www.sktlib.cz\/wp-content\/uploads\/2018\/06\/heindorferov\u00e1.jpg 744w, https:\/\/www.sktlib.cz\/wp-content\/uploads\/2018\/06\/heindorferov\u00e1-150x150.jpg 150w, https:\/\/www.sktlib.cz\/wp-content\/uploads\/2018\/06\/heindorferov\u00e1-300x300.jpg 300w\" sizes=\"auto, (max-width: 744px) 100vw, 744px\" \/><\/a><figcaption class=\"wp-element-caption\">Mgr.Hana Heidnorferov\u00e1<\/figcaption><\/figure>\n\n\n\n<figure class=\"wp-block-image size-large\"><a href=\"https:\/\/www.sktlib.cz\/?page_id=910\"><img loading=\"lazy\" decoding=\"async\" width=\"741\" height=\"744\" data-id=\"912\" src=\"https:\/\/www.sktlib.cz\/wp-content\/uploads\/2018\/06\/Cichak-David-e1549388773608.jpg\" alt=\"Mgr.David Cich\u00e1k\" class=\"wp-image-912\" srcset=\"https:\/\/www.sktlib.cz\/wp-content\/uploads\/2018\/06\/Cichak-David-e1549388773608.jpg 741w, https:\/\/www.sktlib.cz\/wp-content\/uploads\/2018\/06\/Cichak-David-e1549388773608-150x150.jpg 150w, https:\/\/www.sktlib.cz\/wp-content\/uploads\/2018\/06\/Cichak-David-e1549388773608-300x300.jpg 300w\" sizes=\"auto, (max-width: 741px) 100vw, 741px\" \/><\/a><figcaption class=\"wp-element-caption\">Mgr. David Cich\u00e1k<\/figcaption><\/figure>\n\n\n\n<figure class=\"wp-block-image size-large\"><a href=\"https:\/\/www.sktlib.cz\/?page_id=192\"><img loading=\"lazy\" decoding=\"async\" width=\"3158\" height=\"3158\" data-id=\"13\" src=\"https:\/\/www.sktlib.cz\/wp-content\/uploads\/2013\/08\/IMG_0909.jpg\" alt=\"\" class=\"wp-image-13\" srcset=\"https:\/\/www.sktlib.cz\/wp-content\/uploads\/2013\/08\/IMG_0909.jpg 3158w, https:\/\/www.sktlib.cz\/wp-content\/uploads\/2013\/08\/IMG_0909-150x150.jpg 150w, https:\/\/www.sktlib.cz\/wp-content\/uploads\/2013\/08\/IMG_0909-300x300.jpg 300w, https:\/\/www.sktlib.cz\/wp-content\/uploads\/2013\/08\/IMG_0909-1024x1024.jpg 1024w\" sizes=\"auto, (max-width: 3158px) 100vw, 3158px\" \/><\/a><figcaption class=\"wp-element-caption\">MUDr. Dagmar Nov\u00e1kov\u00e1<\/figcaption><\/figure>\n\n\n\n<figure class=\"wp-block-image size-large\"><a href=\"https:\/\/www.sktlib.cz\/?page_id=601\"><img loading=\"lazy\" decoding=\"async\" width=\"739\" height=\"721\" data-id=\"602\" src=\"https:\/\/www.sktlib.cz\/wp-content\/uploads\/2013\/09\/DSC_1347cut-e1610903763325.jpg\" alt=\"Mgr.Monika Be\u010dv\u00e1\u0159ov\u00e1\" class=\"wp-image-602\" srcset=\"https:\/\/www.sktlib.cz\/wp-content\/uploads\/2013\/09\/DSC_1347cut-e1610903763325.jpg 739w, https:\/\/www.sktlib.cz\/wp-content\/uploads\/2013\/09\/DSC_1347cut-e1610903763325-150x146.jpg 150w, https:\/\/www.sktlib.cz\/wp-content\/uploads\/2013\/09\/DSC_1347cut-e1610903763325-300x293.jpg 300w\" sizes=\"auto, (max-width: 739px) 100vw, 739px\" \/><\/a><figcaption class=\"wp-element-caption\">Mgr.Monika Be\u010dv\u00e1\u0159ov\u00e1<\/figcaption><\/figure>\n\n\n\n<figure class=\"wp-block-image size-large\"><a href=\"https:\/\/www.sktlib.cz\/?page_id=1508\"><img loading=\"lazy\" decoding=\"async\" width=\"1017\" height=\"1024\" data-id=\"1677\" src=\"https:\/\/www.sktlib.cz\/wp-content\/uploads\/2024\/01\/foto-zdenek-1017x1024.png\" alt=\"\" class=\"wp-image-1677\" srcset=\"https:\/\/www.sktlib.cz\/wp-content\/uploads\/2024\/01\/foto-zdenek-1017x1024.png 1017w, https:\/\/www.sktlib.cz\/wp-content\/uploads\/2024\/01\/foto-zdenek-298x300.png 298w, https:\/\/www.sktlib.cz\/wp-content\/uploads\/2024\/01\/foto-zdenek-150x150.png 150w, https:\/\/www.sktlib.cz\/wp-content\/uploads\/2024\/01\/foto-zdenek-768x773.png 768w, https:\/\/www.sktlib.cz\/wp-content\/uploads\/2024\/01\/foto-zdenek.png 1040w\" sizes=\"auto, (max-width: 1017px) 100vw, 1017px\" \/><\/a><figcaption class=\"wp-element-caption\">Mgr. Zden\u011bk Hlin\u010d\u00edk<\/figcaption><\/figure>\n\n\n\n<figure class=\"wp-block-image size-large\"><a href=\"https:\/\/www.sktlib.cz\/?attachment_id=1524#main\"><img loading=\"lazy\" decoding=\"async\" width=\"667\" height=\"697\" data-id=\"1524\" src=\"https:\/\/www.sktlib.cz\/wp-content\/uploads\/2022\/03\/FOTO-Duskova.png\" alt=\"\" class=\"wp-image-1524\" srcset=\"https:\/\/www.sktlib.cz\/wp-content\/uploads\/2022\/03\/FOTO-Duskova.png 667w, https:\/\/www.sktlib.cz\/wp-content\/uploads\/2022\/03\/FOTO-Duskova-287x300.png 287w, https:\/\/www.sktlib.cz\/wp-content\/uploads\/2022\/03\/FOTO-Duskova-144x150.png 144w\" sizes=\"auto, (max-width: 667px) 100vw, 667px\" \/><\/a><figcaption class=\"wp-element-caption\">MUDr. Andrea Du\u0161kov\u00e1<\/figcaption><\/figure>\n\n\n\n<figure class=\"wp-block-image size-large\"><a href=\"https:\/\/www.sktlib.cz\/?page_id=196\"><img loading=\"lazy\" decoding=\"async\" width=\"2225\" height=\"2225\" data-id=\"1240\" src=\"https:\/\/www.sktlib.cz\/wp-content\/uploads\/2021\/01\/veronika.jpg\" alt=\"Mgr. Veronika Kr\u00e1lov\u00e1\" class=\"wp-image-1240\" srcset=\"https:\/\/www.sktlib.cz\/wp-content\/uploads\/2021\/01\/veronika.jpg 2225w, https:\/\/www.sktlib.cz\/wp-content\/uploads\/2021\/01\/veronika-300x300.jpg 300w, https:\/\/www.sktlib.cz\/wp-content\/uploads\/2021\/01\/veronika-1024x1024.jpg 1024w, https:\/\/www.sktlib.cz\/wp-content\/uploads\/2021\/01\/veronika-150x150.jpg 150w, https:\/\/www.sktlib.cz\/wp-content\/uploads\/2021\/01\/veronika-768x768.jpg 768w, https:\/\/www.sktlib.cz\/wp-content\/uploads\/2021\/01\/veronika-1536x1536.jpg 1536w, https:\/\/www.sktlib.cz\/wp-content\/uploads\/2021\/01\/veronika-2048x2048.jpg 2048w\" sizes=\"auto, (max-width: 2225px) 100vw, 2225px\" \/><\/a><figcaption class=\"wp-element-caption\">Mgr.Veronika Kr\u00e1lov\u00e1 (MD)<\/figcaption><\/figure>\n\n\n\n<figure class=\"wp-block-image size-large\"><a href=\"https:\/\/www.sktlib.cz\/?page_id=201\"><img loading=\"lazy\" decoding=\"async\" width=\"1097\" height=\"998\" data-id=\"1425\" src=\"https:\/\/www.sktlib.cz\/wp-content\/uploads\/2021\/08\/turner-foto-1-e1629833353125.jpg\" alt=\"\" class=\"wp-image-1425\" srcset=\"https:\/\/www.sktlib.cz\/wp-content\/uploads\/2021\/08\/turner-foto-1-e1629833353125.jpg 1097w, https:\/\/www.sktlib.cz\/wp-content\/uploads\/2021\/08\/turner-foto-1-e1629833353125-300x273.jpg 300w, https:\/\/www.sktlib.cz\/wp-content\/uploads\/2021\/08\/turner-foto-1-e1629833353125-1024x932.jpg 1024w, https:\/\/www.sktlib.cz\/wp-content\/uploads\/2021\/08\/turner-foto-1-e1629833353125-150x136.jpg 150w, https:\/\/www.sktlib.cz\/wp-content\/uploads\/2021\/08\/turner-foto-1-e1629833353125-768x699.jpg 768w\" sizes=\"auto, (max-width: 1097px) 100vw, 1097px\" \/><\/a><figcaption class=\"wp-element-caption\">MgA. Jan Turner<\/figcaption><\/figure>\n\n\n\n<figure class=\"wp-block-image size-large\"><a href=\"https:\/\/www.sktlib.cz\/?page_id=1735\" target=\"_blank\" rel=\"noreferrehttps:\/\/www.sktlib.cz\/?page_id=1735r noopener\"><img loading=\"lazy\" decoding=\"async\" width=\"1024\" height=\"1024\" data-id=\"1739\" src=\"https:\/\/www.sktlib.cz\/wp-content\/uploads\/2024\/08\/foto_zuzankova_eliska-1-1024x1024.jpg\" alt=\"\" class=\"wp-image-1739\" srcset=\"https:\/\/www.sktlib.cz\/wp-content\/uploads\/2024\/08\/foto_zuzankova_eliska-1-1024x1024.jpg 1024w, https:\/\/www.sktlib.cz\/wp-content\/uploads\/2024\/08\/foto_zuzankova_eliska-1-300x300.jpg 300w, https:\/\/www.sktlib.cz\/wp-content\/uploads\/2024\/08\/foto_zuzankova_eliska-1-150x150.jpg 150w, https:\/\/www.sktlib.cz\/wp-content\/uploads\/2024\/08\/foto_zuzankova_eliska-1-768x768.jpg 768w, https:\/\/www.sktlib.cz\/wp-content\/uploads\/2024\/08\/foto_zuzankova_eliska-1-1536x1536.jpg 1536w, https:\/\/www.sktlib.cz\/wp-content\/uploads\/2024\/08\/foto_zuzankova_eliska-1-2048x2048.jpg 2048w\" sizes=\"auto, (max-width: 1024px) 100vw, 1024px\" \/><\/a><figcaption class=\"wp-element-caption\">Mgr. Eli\u0161ka Zuz\u00e1nkov\u00e1<\/figcaption><\/figure>\n\n\n\n<figure class=\"wp-block-image size-large is-style-default\"><a href=\"https:\/\/www.sktlib.cz\/?page_id=609\"><img loading=\"lazy\" decoding=\"async\" width=\"2253\" height=\"2253\" data-id=\"38\" src=\"https:\/\/www.sktlib.cz\/wp-content\/uploads\/2013\/08\/Michala-Hru\u0161ov\u00e1.jpg\" alt=\"\" class=\"wp-image-38\" srcset=\"https:\/\/www.sktlib.cz\/wp-content\/uploads\/2013\/08\/Michala-Hru\u0161ov\u00e1.jpg 2253w, https:\/\/www.sktlib.cz\/wp-content\/uploads\/2013\/08\/Michala-Hru\u0161ov\u00e1-150x150.jpg 150w, https:\/\/www.sktlib.cz\/wp-content\/uploads\/2013\/08\/Michala-Hru\u0161ov\u00e1-300x300.jpg 300w, https:\/\/www.sktlib.cz\/wp-content\/uploads\/2013\/08\/Michala-Hru\u0161ov\u00e1-1024x1024.jpg 1024w\" sizes=\"auto, (max-width: 2253px) 100vw, 2253px\" \/><\/a><figcaption class=\"wp-element-caption\">Mgr. Michaela Hru\u0161ov\u00e1 (MD)<\/figcaption><\/figure>\n\n\n\n<figure class=\"wp-block-image size-large\"><a href=\"https:\/\/www.sktlib.cz\/?page_id=2068\"><img loading=\"lazy\" decoding=\"async\" width=\"1024\" height=\"1024\" data-id=\"2052\" src=\"https:\/\/www.sktlib.cz\/wp-content\/uploads\/2026\/03\/Jaroslav-Svorc-small-1024x1024.jpg\" alt=\"MUDr. Jaroslav \u0160vorc\" class=\"wp-image-2052\" srcset=\"https:\/\/www.sktlib.cz\/wp-content\/uploads\/2026\/03\/Jaroslav-Svorc-small-1024x1024.jpg 1024w, https:\/\/www.sktlib.cz\/wp-content\/uploads\/2026\/03\/Jaroslav-Svorc-small-300x300.jpg 300w, https:\/\/www.sktlib.cz\/wp-content\/uploads\/2026\/03\/Jaroslav-Svorc-small-150x150.jpg 150w, https:\/\/www.sktlib.cz\/wp-content\/uploads\/2026\/03\/Jaroslav-Svorc-small-768x768.jpg 768w, https:\/\/www.sktlib.cz\/wp-content\/uploads\/2026\/03\/Jaroslav-Svorc-small-1536x1536.jpg 1536w, https:\/\/www.sktlib.cz\/wp-content\/uploads\/2026\/03\/Jaroslav-Svorc-small-2048x2048.jpg 2048w, https:\/\/www.sktlib.cz\/wp-content\/uploads\/2026\/03\/Jaroslav-Svorc-small-270x270.jpg 270w, https:\/\/www.sktlib.cz\/wp-content\/uploads\/2026\/03\/Jaroslav-Svorc-small-230x230.jpg 230w\" sizes=\"auto, (max-width: 1024px) 100vw, 1024px\" \/><\/a><figcaption class=\"wp-element-caption\">MUDr. Jaroslav \u0160vorc<\/figcaption><\/figure>\n\n\n\n<figure class=\"wp-block-image size-full\"><a href=\"https:\/\/www.sktlib.cz\/?page_id=2038\"><img loading=\"lazy\" decoding=\"async\" width=\"2448\" height=\"2448\" data-id=\"2054\" src=\"https:\/\/www.sktlib.cz\/wp-content\/uploads\/2026\/03\/Lucie-Orlova-square-1.jpg\" alt=\"\" class=\"wp-image-2054\" srcset=\"https:\/\/www.sktlib.cz\/wp-content\/uploads\/2026\/03\/Lucie-Orlova-square-1.jpg 2448w, https:\/\/www.sktlib.cz\/wp-content\/uploads\/2026\/03\/Lucie-Orlova-square-1-300x300.jpg 300w, https:\/\/www.sktlib.cz\/wp-content\/uploads\/2026\/03\/Lucie-Orlova-square-1-150x150.jpg 150w, https:\/\/www.sktlib.cz\/wp-content\/uploads\/2026\/03\/Lucie-Orlova-square-1-768x768.jpg 768w, https:\/\/www.sktlib.cz\/wp-content\/uploads\/2026\/03\/Lucie-Orlova-square-1-1024x1024.jpg 1024w, https:\/\/www.sktlib.cz\/wp-content\/uploads\/2026\/03\/Lucie-Orlova-square-1-1536x1536.jpg 1536w, https:\/\/www.sktlib.cz\/wp-content\/uploads\/2026\/03\/Lucie-Orlova-square-1-2048x2048.jpg 2048w, https:\/\/www.sktlib.cz\/wp-content\/uploads\/2026\/03\/Lucie-Orlova-square-1-270x270.jpg 270w, https:\/\/www.sktlib.cz\/wp-content\/uploads\/2026\/03\/Lucie-Orlova-square-1-230x230.jpg 230w\" sizes=\"auto, (max-width: 2448px) 100vw, 2448px\" \/><\/a><figcaption class=\"wp-element-caption\">Mgr.Lucie Orlov\u00e1<\/figcaption><\/figure>\n<\/figure>\n<\/div>\n\n\n\n<p class=\"wp-block-paragraph\"><\/p>\n","protected":false},"excerpt":{"rendered":"<p>Na SKT se m\u016f\u017eete setkat s r\u016fzn\u00fdmi odborn\u00edky v oblasti medic\u00edny a psychologie, v\u010detn\u011b MUDr. Vladislava Chv\u00e1ly, PhDr. Ludmily Trapkov\u00e9, a Mgr. Jana Knopa. Pat\u0159\u00ed sem tak\u00e9 Mgr. Veronika Kr\u00e1lov\u00e1 a MUDr. Jindra Friedrichov\u00e1, kte\u0159\u00ed p\u0159edstavuj\u00ed \u0161irok\u00e9 spektrum zam\u011b\u0159en\u00ed a specializac\u00ed.<\/p>\n","protected":false},"author":1,"featured_media":0,"parent":0,"menu_order":0,"comment_status":"closed","ping_status":"closed","template":"page-templates\/contact.php","meta":{"_crdt_document":"","footnotes":""},"class_list":["post-1501","page","type-page","status-publish","hentry"],"jetpack_sharing_enabled":true,"_links":{"self":[{"href":"https:\/\/www.sktlib.cz\/index.php?rest_route=\/wp\/v2\/pages\/1501","targetHints":{"allow":["GET"]}}],"collection":[{"href":"https:\/\/www.sktlib.cz\/index.php?rest_route=\/wp\/v2\/pages"}],"about":[{"href":"https:\/\/www.sktlib.cz\/index.php?rest_route=\/wp\/v2\/types\/page"}],"author":[{"embeddable":true,"href":"https:\/\/www.sktlib.cz\/index.php?rest_route=\/wp\/v2\/users\/1"}],"replies":[{"embeddable":true,"href":"https:\/\/www.sktlib.cz\/index.php?rest_route=%2Fwp%2Fv2%2Fcomments&post=1501"}],"version-history":[{"count":31,"href":"https:\/\/www.sktlib.cz\/index.php?rest_route=\/wp\/v2\/pages\/1501\/revisions"}],"predecessor-version":[{"id":2076,"href":"https:\/\/www.sktlib.cz\/index.php?rest_route=\/wp\/v2\/pages\/1501\/revisions\/2076"}],"wp:attachment":[{"href":"https:\/\/www.sktlib.cz\/index.php?rest_route=%2Fwp%2Fv2%2Fmedia&parent=1501"}],"curies":[{"name":"wp","href":"https:\/\/api.w.org\/{rel}","templated":true}]}}