{"id":1527,"date":"2022-03-27T20:09:42","date_gmt":"2022-03-27T18:09:42","guid":{"rendered":"https:\/\/www.sktlib.cz\/?page_id=1527"},"modified":"2025-08-22T19:44:31","modified_gmt":"2025-08-22T17:44:31","slug":"mudr-andrea-duskova","status":"publish","type":"page","link":"https:\/\/www.sktlib.cz\/?page_id=1527","title":{"rendered":"MUDr. Andrea Du\u0161kov\u00e1"},"content":{"rendered":"\n<p class=\"wp-block-paragraph\">Rodinn\u00e1 terapie<\/p>\n\n\n\n<figure class=\"wp-block-image alignleft size-full is-resized\"><img loading=\"lazy\" decoding=\"async\" width=\"667\" height=\"697\" src=\"https:\/\/www.sktlib.cz\/wp-content\/uploads\/2022\/03\/FOTO-Duskova.png\" alt=\"\" class=\"wp-image-1524\" style=\"width:274px;height:286px\" srcset=\"https:\/\/www.sktlib.cz\/wp-content\/uploads\/2022\/03\/FOTO-Duskova.png 667w, https:\/\/www.sktlib.cz\/wp-content\/uploads\/2022\/03\/FOTO-Duskova-287x300.png 287w, https:\/\/www.sktlib.cz\/wp-content\/uploads\/2022\/03\/FOTO-Duskova-144x150.png 144w\" sizes=\"auto, (max-width: 667px) 100vw, 667px\" \/><figcaption class=\"wp-element-caption\">MUDr. Andrea Du\u0161kov\u00e1<\/figcaption><\/figure>\n\n\n\n<p class=\"wp-block-paragraph\"><strong><u>Vzd\u011bl\u00e1n\u00ed:<\/u><\/strong>\u00a0LF UK, vzd\u011bl\u00e1n\u00ed v rodinn\u00e9 a systemick\u00e9 terapii \u2013 V\u00fdcvik v rodinn\u00e9 systemick\u00e9 terapii psychosomatick\u00fdch poruch, ukon\u010den\u00e1 teoretick\u00e1 \u010d\u00e1st a sebezku\u0161enost (1997-2000) Pra\u017esk\u00fd psychoterapeutick\u00fd institut doc. MUDr. Jaroslav Sk\u00e1la, CSc, supervize Marner Torben M.D., PhDr. Ludmila Trapkov\u00e1, MUDr.Vladislav Chv\u00e1la, Mgr. Jan Knop, Mgr. Marie Zemanov\u00e1<\/p>\n\n\n\n<p class=\"wp-block-paragraph\">Ericksonovsk\u00e1&nbsp;hypnoterapie, workshopy v Katatymn\u011b \u2013 imaginativn\u00ed psychoterapii, v Procesov\u011b orientovan\u00e9 pr\u00e1ci psychoterapeutick\u00e9ho sm\u011bru (IPOP), v Gestalt terapii a v Biosynt\u00e9ze<\/p>\n\n\n\n<p class=\"wp-block-paragraph\"><strong><u>\u010clenstv\u00ed<\/u><\/strong><strong>:<\/strong>&nbsp;Spole\u010dnost rodinn\u00fdch terapeut\u016f (SOFT), Psychosomatick\u00e1 spole\u010dnost \u010cLS JEP<\/p>\n\n\n\n<p class=\"wp-block-paragraph\"><strong><u>Praxe<\/u>:\u00a0<\/strong>od r.1995 ve zdravotnictv\u00ed, IKEM \u2013 Preventivn\u00ed kardiologie (1995-2000), PREV-CENTRUM Praha \u2013 rodinn\u00fd terapeut (2005-2007), soukrom\u00e1 psychoterapeutick\u00e1 praxe (2009 &#8211; dosud) &#8211; <a href=\"http:\/\/www.psychoterapieduskova.cz\">www.psychoterapieduskova.cz<\/a> (nyn\u00ed p\u0159ij\u00edm\u00e1), od r.2022 \u010dlen t\u00fdmu St\u0159ediska komplexn\u00ed terapie Liberec<\/p>\n","protected":false},"excerpt":{"rendered":"<p>Rodinn\u00e1 terapie Vzd\u011bl\u00e1n\u00ed:\u00a0LF UK, vzd\u011bl\u00e1n\u00ed v rodinn\u00e9 a systemick\u00e9 terapii \u2013 V\u00fdcvik v rodinn\u00e9 systemick\u00e9 terapii psychosomatick\u00fdch poruch, ukon\u010den\u00e1 teoretick\u00e1 \u010d\u00e1st a sebezku\u0161enost (1997-2000) Pra\u017esk\u00fd psychoterapeutick\u00fd institut doc. MUDr. Jaroslav Sk\u00e1la, CSc, supervize Marner Torben M.D., PhDr. Ludmila Trapkov\u00e1, MUDr.Vladislav<\/p>\n","protected":false},"author":1,"featured_media":0,"parent":1501,"menu_order":0,"comment_status":"closed","ping_status":"closed","template":"","meta":{"_crdt_document":"","footnotes":""},"class_list":["post-1527","page","type-page","status-publish","hentry"],"jetpack_sharing_enabled":true,"_links":{"self":[{"href":"https:\/\/www.sktlib.cz\/index.php?rest_route=\/wp\/v2\/pages\/1527","targetHints":{"allow":["GET"]}}],"collection":[{"href":"https:\/\/www.sktlib.cz\/index.php?rest_route=\/wp\/v2\/pages"}],"about":[{"href":"https:\/\/www.sktlib.cz\/index.php?rest_route=\/wp\/v2\/types\/page"}],"author":[{"embeddable":true,"href":"https:\/\/www.sktlib.cz\/index.php?rest_route=\/wp\/v2\/users\/1"}],"replies":[{"embeddable":true,"href":"https:\/\/www.sktlib.cz\/index.php?rest_route=%2Fwp%2Fv2%2Fcomments&post=1527"}],"version-history":[{"count":2,"href":"https:\/\/www.sktlib.cz\/index.php?rest_route=\/wp\/v2\/pages\/1527\/revisions"}],"predecessor-version":[{"id":1926,"href":"https:\/\/www.sktlib.cz\/index.php?rest_route=\/wp\/v2\/pages\/1527\/revisions\/1926"}],"up":[{"embeddable":true,"href":"https:\/\/www.sktlib.cz\/index.php?rest_route=\/wp\/v2\/pages\/1501"}],"wp:attachment":[{"href":"https:\/\/www.sktlib.cz\/index.php?rest_route=%2Fwp%2Fv2%2Fmedia&parent=1527"}],"curies":[{"name":"wp","href":"https:\/\/api.w.org\/{rel}","templated":true}]}}