{"id":157,"date":"2013-08-22T09:13:29","date_gmt":"2013-08-22T07:13:29","guid":{"rendered":"http:\/\/www.sktlib.cz\/?page_id=157"},"modified":"2025-08-22T19:24:45","modified_gmt":"2025-08-22T17:24:45","slug":"mudr-ales-furst-jun","status":"publish","type":"page","link":"https:\/\/www.sktlib.cz\/?page_id=157","title":{"rendered":"MUDr. Ale\u0161 F\u00fcrst"},"content":{"rendered":"<h2><i>l\u00e9ka\u0159, psychiatr, psychoterapeut<\/i><\/h2>\n<p><a href=\"https:\/\/www.sktlib.cz\/wp-content\/uploads\/2024\/09\/Furst-foto.png\"><img loading=\"lazy\" decoding=\"async\" class=\"wp-image-1794 size-thumbnail alignright\" style=\"border: 1px solid black; margin: 5px;\" src=\"https:\/\/www.sktlib.cz\/wp-content\/uploads\/2024\/09\/Furst-foto-138x150.png\" alt=\"\" width=\"138\" height=\"150\" srcset=\"https:\/\/www.sktlib.cz\/wp-content\/uploads\/2024\/09\/Furst-foto-138x150.png 138w, https:\/\/www.sktlib.cz\/wp-content\/uploads\/2024\/09\/Furst-foto-275x300.png 275w, https:\/\/www.sktlib.cz\/wp-content\/uploads\/2024\/09\/Furst-foto-939x1024.png 939w, https:\/\/www.sktlib.cz\/wp-content\/uploads\/2024\/09\/Furst-foto-768x838.png 768w, https:\/\/www.sktlib.cz\/wp-content\/uploads\/2024\/09\/Furst-foto.png 1368w\" sizes=\"auto, (max-width: 138px) 100vw, 138px\" \/><\/a><\/p>\n<p><strong>Vzd\u011bl\u00e1n\u00ed:<\/strong><\/p>\n<ul>\n<li>1. LF UK Praha, obor v\u0161eobecn\u00e9 l\u00e9ka\u0159stv\u00ed (1993)<\/li>\n<li>Atestace z psychiatrie I.stupn\u011b (1998)<\/li>\n<li>Atestace z psychiatrie II.stupn\u011b (2002)<\/li>\n<li>Zp\u016fsobilost v oboru psychosomatick\u00e1 medic\u00edna (2008)<\/li>\n<li>Zvl\u00e1\u0161tn\u00ed odborn\u00e1 zp\u016fsobilost v oboru psychosomatika (2016)<\/li>\n<li>Z\u00e1kladn\u00ed kurs neverb\u00e1ln\u00edch technik (Vod\u0148ansk\u00e1, Luck\u00e1, Albrich, 1996-97)<\/li>\n<li>Specializovan\u00fd kurz orientovan\u00fd na pr\u00e1ci s t\u011blem v psychoterapii (Vod\u0148ansk\u00e1, Luck\u00e1, 1997-98)<\/li>\n<li>V\u00fdcvik v PBSP psychoterapii (Pesso Boyden System Psychomotor, 1998-2003)<\/li>\n<li>V\u00fdcvik \u010cIS v integrovan\u00e9 supervizi (Fi\u0161erov\u00e1, Koblic, 2014-2017)<\/li>\n<li>Supervizor \u010cIS (2018)<\/li>\n<\/ul>\n<p><strong>Praxe<\/strong>:<\/p>\n<ul>\n<li>1993-95 sekund\u00e1rn\u00ed l\u00e9ka\u0159 intern\u00edho odd. Nemocnice Liberec (z toho rok ZVS)<\/li>\n<li>1995-97 farmaceutick\u00fd z\u00e1stupce<\/li>\n<li>1997-2001 sekund\u00e1rn\u00ed l\u00e9ka\u0159 psychiatrick\u00e9ho odd. Nemocnice Liberec<\/li>\n<li>1997-2001 terapeut v Terapeutick\u00e9m st\u0159edisku pro rodinu a mezilidsk\u00e9 vztahy O\u00daSS v Liberci<\/li>\n<li>od r. 2001 \u010dlen t\u00fdmu SKT Liberec<\/li>\n<li>od r. 2001 soukrom\u00e1 psychiatrick\u00e1 a psychoterapeutick\u00e1 praxe v Jablonci nad Nisou<\/li>\n<li>od r. 2009 lektor komplexn\u00edch vzd\u011bl\u00e1vac\u00edch program\u016f v psychoterapii\u00a0(LIPPP, LIRTAPS)<\/li>\n<li>\u010clenstv\u00ed v odborn\u00fdch spole\u010dnostech:<\/li>\n<li>\u010cLS JEP &#8211; Psychiatrick\u00e1 spole\u010dnost, Spole\u010dnost psychosomatick\u00e9 medic\u00edny<\/li>\n<li>\u010cesk\u00e1 asociace pro psychoterapii (2019-2022 \u010dlen Odborn\u00e9 rady)<\/li>\n<li>\u010cesk\u00e1 neuropsychofarmakologick\u00e1 spole\u010dnost<\/li>\n<li>\u010cesk\u00e1 asociace Pesso- Boyden psychomotorick\u00e9 psychoterapie (2009-2012 zakl\u00e1daj\u00edc\u00ed p\u0159edseda)<\/li>\n<li>\u010cesk\u00fd institut pro supervizi<\/li>\n<\/ul>\n","protected":false},"excerpt":{"rendered":"<p>l\u00e9ka\u0159, psychiatr, psychoterapeut Vzd\u011bl\u00e1n\u00ed: 1. LF UK Praha, obor v\u0161eobecn\u00e9 l\u00e9ka\u0159stv\u00ed (1993) Atestace z psychiatrie I.stupn\u011b (1998) Atestace z psychiatrie II.stupn\u011b (2002) Zp\u016fsobilost v oboru psychosomatick\u00e1 medic\u00edna (2008) Zvl\u00e1\u0161tn\u00ed odborn\u00e1 zp\u016fsobilost v oboru psychosomatika (2016) Z\u00e1kladn\u00ed kurs neverb\u00e1ln\u00edch technik (Vod\u0148ansk\u00e1,<\/p>\n","protected":false},"author":1,"featured_media":229,"parent":4,"menu_order":4,"comment_status":"closed","ping_status":"closed","template":"","meta":{"_crdt_document":"","footnotes":""},"class_list":["post-157","page","type-page","status-publish","has-post-thumbnail","hentry"],"jetpack_sharing_enabled":true,"_links":{"self":[{"href":"https:\/\/www.sktlib.cz\/index.php?rest_route=\/wp\/v2\/pages\/157","targetHints":{"allow":["GET"]}}],"collection":[{"href":"https:\/\/www.sktlib.cz\/index.php?rest_route=\/wp\/v2\/pages"}],"about":[{"href":"https:\/\/www.sktlib.cz\/index.php?rest_route=\/wp\/v2\/types\/page"}],"author":[{"embeddable":true,"href":"https:\/\/www.sktlib.cz\/index.php?rest_route=\/wp\/v2\/users\/1"}],"replies":[{"embeddable":true,"href":"https:\/\/www.sktlib.cz\/index.php?rest_route=%2Fwp%2Fv2%2Fcomments&post=157"}],"version-history":[{"count":6,"href":"https:\/\/www.sktlib.cz\/index.php?rest_route=\/wp\/v2\/pages\/157\/revisions"}],"predecessor-version":[{"id":1795,"href":"https:\/\/www.sktlib.cz\/index.php?rest_route=\/wp\/v2\/pages\/157\/revisions\/1795"}],"up":[{"embeddable":true,"href":"https:\/\/www.sktlib.cz\/index.php?rest_route=\/wp\/v2\/pages\/4"}],"wp:featuredmedia":[{"embeddable":true,"href":"https:\/\/www.sktlib.cz\/index.php?rest_route=\/wp\/v2\/media\/229"}],"wp:attachment":[{"href":"https:\/\/www.sktlib.cz\/index.php?rest_route=%2Fwp%2Fv2%2Fmedia&parent=157"}],"curies":[{"name":"wp","href":"https:\/\/api.w.org\/{rel}","templated":true}]}}