{"id":185,"date":"2013-08-22T09:57:02","date_gmt":"2013-08-22T07:57:02","guid":{"rendered":"http:\/\/www.sktlib.cz\/?page_id=185"},"modified":"2025-12-03T18:12:41","modified_gmt":"2025-12-03T17:12:41","slug":"mudr-jindra-friedrichova","status":"publish","type":"page","link":"https:\/\/www.sktlib.cz\/?page_id=185","title":{"rendered":"MUDr. Jindra Friedrichov\u00e1- doch\u00e1z\u00ed"},"content":{"rendered":"<p><span style=\"font-family: Arial;\"><i>l\u00e9ka\u0159ka, specializace psychiatrie a psychoterapie<\/i><\/span><\/p>\n<p><span style=\"font-size: medium;\"><span style=\"font-family: Arial;\">MUDr. Jindra Friedrichov\u00e1 promovala v roce 1993 na 1.l\u00e9ka\u0159sk\u00e9 fakult\u011b UK v Praze. Pracovala na Psychiatrick\u00e9m odd\u011blen\u00ed Masarykovy nemocnice v \u00dast\u00ed n. Labem, v Psychiatrick\u00e9 l\u00e9\u010debn\u011b Havl\u00ed\u010dk\u016fv Brod, ve Fokusu My-klub &#8211; sdru\u017een\u00ed pro p\u00e9\u010di o du\u0161evn\u011b\u00a0<\/span><\/span><span style=\"font-size: medium;\"><span style=\"font-family: Arial;\">nemocn\u00e9 v Liberci a od roku 1995 v SKT Liberec. Od r. 2009 soukrom\u00e1 psychiatrick\u00e1 a psychoterapeutick\u00e1 praxe v Semilech (<a href=\"http:\/\/www.psychamb.cz\">www.psychamb.cz<\/a>)<br \/>\n<\/span><\/span><\/p>\n<figure id=\"attachment_20\" aria-describedby=\"caption-attachment-20\" style=\"width: 180px\" class=\"wp-caption alignleft\"><a href=\"http:\/\/www.sktlib.cz\/wp-content\/uploads\/2013\/08\/IMG_0929.jpg\"><img loading=\"lazy\" decoding=\"async\" class=\" wp-image-20 \" style=\"border: 1px solid black; margin: 5px;\" src=\"http:\/\/www.sktlib.cz\/wp-content\/uploads\/2013\/08\/IMG_0929-300x300.jpg\" alt=\"MUDr. Jindra Friedrichov\u00e1\" width=\"180\" height=\"180\" srcset=\"https:\/\/www.sktlib.cz\/wp-content\/uploads\/2013\/08\/IMG_0929-300x300.jpg 300w, https:\/\/www.sktlib.cz\/wp-content\/uploads\/2013\/08\/IMG_0929-150x150.jpg 150w, https:\/\/www.sktlib.cz\/wp-content\/uploads\/2013\/08\/IMG_0929-1024x1024.jpg 1024w\" sizes=\"auto, (max-width: 180px) 100vw, 180px\" \/><\/a><figcaption id=\"caption-attachment-20\" class=\"wp-caption-text\">MUDr. Jindra Friedrichov\u00e1<\/figcaption><\/figure>\n<p><span style=\"font-size: medium;\"><span style=\"font-family: Arial;\"><span style=\"text-decoration: underline;\"><b>Dal\u0161\u00ed vzd\u011bl\u00e1n\u00ed\u00a0<\/b><\/span><\/span><\/span><span style=\"font-size: medium;\"><span style=\"font-family: Arial;\"><b>: <\/b>V roce 1994 absolvovala Z\u00e1klady akupunktury, v roce 1996 dokon\u010dila v\u00fdcvik v dynamicky orientovan\u00e9 psychoterapii a 1. ro\u010dn\u00edk v\u00fdcviku v\u00a0rodinn\u00e9 terapii. V roce 1996 atestace I. stupn\u011b v oboru psychoterapie, v\u00a0roce 2000 funk\u010dn\u00ed specializace v systematick\u00e9 psychoterapii. V r. 2005 z\u00edskala osv\u011bd\u010den\u00ed IPVZ v oboru psychosomatick\u00e1 medic\u00edna.<\/span><\/span><\/p>\n<p><span style=\"font-size: medium;\"><span style=\"font-family: Arial;\"> V sou\u010dasnosti pracuje tak\u00e9 v psychiatrick\u00e9 ambulanci <\/span><\/span><span style=\"font-size: medium;\"><span style=\"font-family: Arial;\">v Jablonci nad Nisou, P. Bezru\u010de 67, v budov\u011b EUREKO<\/span><\/span>\u00a0. Kontakt:736 105 209<em><br \/>\n<\/em><\/p>\n","protected":false},"excerpt":{"rendered":"<p>l\u00e9ka\u0159ka, specializace psychiatrie a psychoterapie MUDr. Jindra Friedrichov\u00e1 promovala v roce 1993 na 1.l\u00e9ka\u0159sk\u00e9 fakult\u011b UK v Praze. Pracovala na Psychiatrick\u00e9m odd\u011blen\u00ed Masarykovy nemocnice v \u00dast\u00ed n. Labem, v Psychiatrick\u00e9 l\u00e9\u010debn\u011b Havl\u00ed\u010dk\u016fv Brod, ve Fokusu My-klub &#8211; sdru\u017een\u00ed pro p\u00e9\u010di<\/p>\n","protected":false},"author":1,"featured_media":190,"parent":4,"menu_order":7,"comment_status":"closed","ping_status":"closed","template":"","meta":{"_crdt_document":"","footnotes":""},"class_list":["post-185","page","type-page","status-publish","has-post-thumbnail","hentry"],"jetpack_sharing_enabled":true,"_links":{"self":[{"href":"https:\/\/www.sktlib.cz\/index.php?rest_route=\/wp\/v2\/pages\/185","targetHints":{"allow":["GET"]}}],"collection":[{"href":"https:\/\/www.sktlib.cz\/index.php?rest_route=\/wp\/v2\/pages"}],"about":[{"href":"https:\/\/www.sktlib.cz\/index.php?rest_route=\/wp\/v2\/types\/page"}],"author":[{"embeddable":true,"href":"https:\/\/www.sktlib.cz\/index.php?rest_route=\/wp\/v2\/users\/1"}],"replies":[{"embeddable":true,"href":"https:\/\/www.sktlib.cz\/index.php?rest_route=%2Fwp%2Fv2%2Fcomments&post=185"}],"version-history":[{"count":8,"href":"https:\/\/www.sktlib.cz\/index.php?rest_route=\/wp\/v2\/pages\/185\/revisions"}],"predecessor-version":[{"id":2004,"href":"https:\/\/www.sktlib.cz\/index.php?rest_route=\/wp\/v2\/pages\/185\/revisions\/2004"}],"up":[{"embeddable":true,"href":"https:\/\/www.sktlib.cz\/index.php?rest_route=\/wp\/v2\/pages\/4"}],"wp:featuredmedia":[{"embeddable":true,"href":"https:\/\/www.sktlib.cz\/index.php?rest_route=\/wp\/v2\/media\/190"}],"wp:attachment":[{"href":"https:\/\/www.sktlib.cz\/index.php?rest_route=%2Fwp%2Fv2%2Fmedia&parent=185"}],"curies":[{"name":"wp","href":"https:\/\/api.w.org\/{rel}","templated":true}]}}