{"id":192,"date":"2013-08-22T10:09:00","date_gmt":"2013-08-22T08:09:00","guid":{"rendered":"http:\/\/www.sktlib.cz\/?page_id=192"},"modified":"2025-08-22T19:30:33","modified_gmt":"2025-08-22T17:30:33","slug":"mudr-dagmar-novakova","status":"publish","type":"page","link":"https:\/\/www.sktlib.cz\/?page_id=192","title":{"rendered":"MUDr. Dagmar Nov\u00e1kov\u00e1"},"content":{"rendered":"<p><em>L\u00e9ka\u0159ka anestesiologie, l\u00e9\u010dba bolesti, akupunktura, homeopatie, elektorakupuntura dle dr.Vola<\/em><\/p>\n<p>Je absolventkou 1.LF UK v\u0161eobecn\u00e9ho l\u00e9ka\u0159stv\u00ed\u00a0 v Praze a promovala v roce 1996. Pracovala jako odborn\u00fd l\u00e9ka\u0159 ve Fakultn\u00ed nemocnici v Hradci Kr\u00e1lov\u00e9 na Klinice anesteziologie, resuscitace a intenzivn\u00ed medic\u00edny, na Z\u00e1chrann\u00e9 slu\u017eb\u011b v Hradci Kr\u00e1lov\u00e9, na Ambulanci bolesti v Krajsk\u00e9 nemocnici v Liberci. Od roku 2000 se v\u011bnuje hlavn\u011b nekonven\u010dn\u00ed medic\u00edn\u011b, jej\u00ed\u017e vzd\u011bl\u00e1v\u00e1n\u00ed zah\u00e1jila studiem akupunktury na Institutu postgradu\u00e1ln\u00edho vzd\u011bl\u00e1v\u00e1n\u00ed l\u00e9ka\u0159\u016f a farmaceut\u016f v Praze, nikdy nekon\u010d\u00edc\u00edm vzd\u011bl\u00e1v\u00e1n\u00edm v oblasti homeopatie a kurzem EAV. Je \u010dlenkou t\u00fdmu SKT.<\/p>\n<p>V\u00edce o na\u0161\u00ed spolupracovnici najde na jej\u00edch str\u00e1nk\u00e1ch <a href=\"http:\/\/www.mudrnovakova.cz\">www.mudrnovakova.cz<\/a>.<\/p>\n<figure id=\"attachment_13\" aria-describedby=\"caption-attachment-13\" style=\"width: 180px\" class=\"wp-caption alignnone\"><a href=\"http:\/\/www.sktlib.cz\/wp-content\/uploads\/2013\/08\/IMG_0909.jpg\"><img loading=\"lazy\" decoding=\"async\" class=\" wp-image-13 \" style=\"border: 1px solid black; margin: 5px;\" alt=\"MUDr. Dagmar Nov\u00e1kov\u00e1\" src=\"http:\/\/www.sktlib.cz\/wp-content\/uploads\/2013\/08\/IMG_0909-300x300.jpg\" width=\"180\" height=\"180\" srcset=\"https:\/\/www.sktlib.cz\/wp-content\/uploads\/2013\/08\/IMG_0909-300x300.jpg 300w, https:\/\/www.sktlib.cz\/wp-content\/uploads\/2013\/08\/IMG_0909-150x150.jpg 150w, https:\/\/www.sktlib.cz\/wp-content\/uploads\/2013\/08\/IMG_0909-1024x1024.jpg 1024w\" sizes=\"auto, (max-width: 180px) 100vw, 180px\" \/><\/a><figcaption id=\"caption-attachment-13\" class=\"wp-caption-text\">MUDr. Dagmar Nov\u00e1kov\u00e1<\/figcaption><\/figure>\n<p>&nbsp;<\/p>\n","protected":false},"excerpt":{"rendered":"<p>L\u00e9ka\u0159ka anestesiologie, l\u00e9\u010dba bolesti, akupunktura, homeopatie, elektorakupuntura dle dr.Vola Je absolventkou 1.LF UK v\u0161eobecn\u00e9ho l\u00e9ka\u0159stv\u00ed\u00a0 v Praze a promovala v roce 1996. Pracovala jako odborn\u00fd l\u00e9ka\u0159 ve Fakultn\u00ed nemocnici v Hradci Kr\u00e1lov\u00e9 na Klinice anesteziologie, resuscitace a intenzivn\u00ed medic\u00edny, na<\/p>\n","protected":false},"author":1,"featured_media":13,"parent":4,"menu_order":8,"comment_status":"closed","ping_status":"closed","template":"","meta":{"_crdt_document":"","footnotes":""},"class_list":["post-192","page","type-page","status-publish","has-post-thumbnail","hentry"],"jetpack_sharing_enabled":true,"_links":{"self":[{"href":"https:\/\/www.sktlib.cz\/index.php?rest_route=\/wp\/v2\/pages\/192","targetHints":{"allow":["GET"]}}],"collection":[{"href":"https:\/\/www.sktlib.cz\/index.php?rest_route=\/wp\/v2\/pages"}],"about":[{"href":"https:\/\/www.sktlib.cz\/index.php?rest_route=\/wp\/v2\/types\/page"}],"author":[{"embeddable":true,"href":"https:\/\/www.sktlib.cz\/index.php?rest_route=\/wp\/v2\/users\/1"}],"replies":[{"embeddable":true,"href":"https:\/\/www.sktlib.cz\/index.php?rest_route=%2Fwp%2Fv2%2Fcomments&post=192"}],"version-history":[{"count":2,"href":"https:\/\/www.sktlib.cz\/index.php?rest_route=\/wp\/v2\/pages\/192\/revisions"}],"predecessor-version":[{"id":195,"href":"https:\/\/www.sktlib.cz\/index.php?rest_route=\/wp\/v2\/pages\/192\/revisions\/195"}],"up":[{"embeddable":true,"href":"https:\/\/www.sktlib.cz\/index.php?rest_route=\/wp\/v2\/pages\/4"}],"wp:featuredmedia":[{"embeddable":true,"href":"https:\/\/www.sktlib.cz\/index.php?rest_route=\/wp\/v2\/media\/13"}],"wp:attachment":[{"href":"https:\/\/www.sktlib.cz\/index.php?rest_route=%2Fwp%2Fv2%2Fmedia&parent=192"}],"curies":[{"name":"wp","href":"https:\/\/api.w.org\/{rel}","templated":true}]}}