{"id":201,"date":"2013-08-22T10:18:04","date_gmt":"2013-08-22T08:18:04","guid":{"rendered":"http:\/\/www.sktlib.cz\/?page_id=201"},"modified":"2025-08-22T19:56:03","modified_gmt":"2025-08-22T17:56:03","slug":"hana-knopova","status":"publish","type":"page","link":"https:\/\/www.sktlib.cz\/?page_id=201","title":{"rendered":"MgA. Jan Turner"},"content":{"rendered":"\n<h2 class=\"wp-block-heading\"><i><span style=\"font-size: medium;\">cvi\u010ditel shiatsu<\/span><\/i><\/h2>\n\n\n\n<ul class=\"wp-block-list\">\n<li><span style=\"font-size: revert; color: initial;\">Shiatsu se zab\u00fdv\u00e1m od r 2001.<\/span><\/li>\n\n\n\n<li>Od roku 2004\u00a0 &#8211; vlastn\u00ed praxe<\/li>\n<\/ul>\n\n\n\n<h2 class=\"wp-block-heading\">Vzd\u011bl\u00e1n\u00ed:<img loading=\"lazy\" decoding=\"async\" width=\"150\" height=\"180\" class=\"wp-image-1419\" style=\"width: 150px;\" src=\"https:\/\/www.sktlib.cz\/wp-content\/uploads\/2021\/08\/turner-foto.jpg\" alt=\"\" srcset=\"https:\/\/www.sktlib.cz\/wp-content\/uploads\/2021\/08\/turner-foto.jpg 1098w, https:\/\/www.sktlib.cz\/wp-content\/uploads\/2021\/08\/turner-foto-251x300.jpg 251w, https:\/\/www.sktlib.cz\/wp-content\/uploads\/2021\/08\/turner-foto-856x1024.jpg 856w, https:\/\/www.sktlib.cz\/wp-content\/uploads\/2021\/08\/turner-foto-125x150.jpg 125w, https:\/\/www.sktlib.cz\/wp-content\/uploads\/2021\/08\/turner-foto-768x919.jpg 768w\" sizes=\"auto, (max-width: 150px) 100vw, 150px\" \/><\/h2>\n\n\n\n<ul class=\"wp-block-list\">\n<li>2001-4 t\u0159\u00edlet\u00fd profesion\u00e1ln\u00ed v\u00fdcvik Shiatsu ve \u0161kole Mgr. Darji Havelkov\u00e9\u00a0<\/li>\n\n\n\n<li>2009\u201310 &#8211; 1. a 2. stupne\u0148 kurzu kraniosakr\u00e1ln\u00ed terapie Ulricha Hesseho.<\/li>\n\n\n\n<li>2012\u201317 &#8211;\u00a0 sebezku\u0161enostn\u00ed v\u00fdcvik SUR v psychodynamicky orientovan\u00e9 psychoterapii veden\u00fd doc. MUDr. PhDr. Kamilem Kalinou Csc.<\/li>\n\n\n\n<li>2018-20\u00a0 &#8211; teoretick\u00e1 \u010d\u00e1st v\u00fdcviku v psychoanalitick\u00e9 p\u00e1rov\u00e9 terapii. PhDr. Slavoj Titl a PhDr.Lucie Luck\u00e1<\/li>\n<\/ul>\n\n\n\n<h2 class=\"wp-block-heading\">Dal\u0161\u00ed aktivity<\/h2>\n\n\n\n<ul class=\"wp-block-list\">\n<li>Aktivn\u011b se v\u011bnuji v\u00fdtvarn\u00e9mu um\u011bn\u00ed, improviza\u010dn\u00ed hudb\u011b a amat\u00e9rsk\u00e9mu divadlu.<\/li>\n\n\n\n<li>Spolupr\u00e1ce:<\/li>\n\n\n\n<li>2014 \u2013 17 s Centrem psychosomatick\u00e9 p\u00e9\u010de MUDr. Heleny M\u00e1slov\u00e9, orientovan\u00e9 na psychogynekologii a reproduk\u010dn\u00ed probl\u00e9my.<\/li>\n\n\n\n<li>2016-18\u2013 fyzioterapeutick\u00e9 studio TEIT<\/li>\n<\/ul>\n\n\n\n<h2 class=\"wp-block-heading\" id=\"shiatsu\">Shiatsu<\/h2>\n\n\n\n<p class=\"wp-block-paragraph\">Doslovn\u00fd p\u0159eklad je tlak prst\u016f. Poch\u00e1z\u00ed z Japonska. Pracuje s akupunkturn\u00edmi dr\u00e1hami tzv. meridi\u00e1ny a body&nbsp; zn\u00e1m\u00fdmi z tradi\u010dn\u00ed \u010d\u00ednsk\u00e9 medic\u00edny. Zahrnuje akupresurn\u00ed prvky, relaxa\u010dn\u00ed a protahovac\u00ed techniky.&nbsp;Mas\u00e9r pomoc\u00ed protahov\u00e1n\u00ed, tlak\u016f a dotyk\u016f uv\u00e1d\u00ed do pohybu energii v t\u011bchto drah\u00e1ch a t\u00edm obnovuje energetickou rovnov\u00e1hu t\u011bla. Mas\u00e1\u017e prob\u00edh\u00e1 na leh\u00e1tku, klient je oble\u010den\u00fd ve voln\u00e9m sportovn\u00edm nebo civiln\u00edm od\u011bvu. Mas\u00edruje se cel\u00e9 t\u011blo. Tato technika se hod\u00ed i pro mal\u00e9 d\u011bti, t\u011bhotn\u00e9 \u017eeny nebo star\u0161\u00ed lidi. <\/p>\n\n\n\n<p class=\"wp-block-paragraph\">O\u0161et\u0159en\u00ed p\u016fsob\u00ed komplexn\u011b, pom\u00e1h\u00e1 zejm\u00e9na p\u0159i:<\/p>\n\n\n\n<ul class=\"wp-block-list\">\n<li>bolestech zad, kloub\u016f, p\u00e1te\u0159e<\/li>\n\n\n\n<li>migr\u00e9n\u00e1ch, bolestech hlavy<\/li>\n\n\n\n<li>tr\u00e1vic\u00edch obt\u00ed\u017e\u00edch<\/li>\n\n\n\n<li>gynekologick\u00fdch probl\u00e9mech, p\u0159i neplodnosti<\/li>\n\n\n\n<li>osteopor\u00f3ze<\/li>\n\n\n\n<li>psychick\u00fdch pot\u00ed\u017e\u00edch, chronick\u00e9 \u00fanav\u011b, nespavosti<\/li>\n\n\n\n<li>ko\u017en\u00edch onemocn\u011bn\u00edch<\/li>\n\n\n\n<li>probl\u00e9mech s ob\u011bhov\u00fdm syst\u00e9mem<\/li>\n<\/ul>\n\n\n\n<p class=\"wp-block-paragraph\">Shiatsu posiluje imunitn\u00ed syst\u00e9m, zvy\u0161uje celkovou odolnost organismu. Velmi p\u0159\u00edzniv\u011b p\u016fsob\u00ed na psychiku. Zvy\u0161uje odolnost proti stresu a vy\u010derp\u00e1n\u00ed. Urychluje detoxikaci organismu, zvl\u00e1\u0161t\u011b ve spojen\u00ed s ba\u0148kov\u00e1n\u00edm. Je vhodn\u00e1 i b\u011bhem t\u011bhotenstv\u00ed.&nbsp;<\/p>\n","protected":false},"excerpt":{"rendered":"<p>cvi\u010ditel shiatsu Vzd\u011bl\u00e1n\u00ed: Dal\u0161\u00ed aktivity Shiatsu Doslovn\u00fd p\u0159eklad je tlak prst\u016f. Poch\u00e1z\u00ed z Japonska. Pracuje s akupunkturn\u00edmi dr\u00e1hami tzv. meridi\u00e1ny a body&nbsp; zn\u00e1m\u00fdmi z tradi\u010dn\u00ed \u010d\u00ednsk\u00e9 medic\u00edny. Zahrnuje akupresurn\u00ed prvky, relaxa\u010dn\u00ed a protahovac\u00ed techniky.&nbsp;Mas\u00e9r pomoc\u00ed protahov\u00e1n\u00ed, tlak\u016f a dotyk\u016f uv\u00e1d\u00ed<\/p>\n","protected":false},"author":1,"featured_media":1419,"parent":4,"menu_order":10,"comment_status":"closed","ping_status":"closed","template":"","meta":{"_crdt_document":"","footnotes":""},"class_list":["post-201","page","type-page","status-publish","has-post-thumbnail","hentry"],"jetpack_sharing_enabled":true,"_links":{"self":[{"href":"https:\/\/www.sktlib.cz\/index.php?rest_route=\/wp\/v2\/pages\/201","targetHints":{"allow":["GET"]}}],"collection":[{"href":"https:\/\/www.sktlib.cz\/index.php?rest_route=\/wp\/v2\/pages"}],"about":[{"href":"https:\/\/www.sktlib.cz\/index.php?rest_route=\/wp\/v2\/types\/page"}],"author":[{"embeddable":true,"href":"https:\/\/www.sktlib.cz\/index.php?rest_route=\/wp\/v2\/users\/1"}],"replies":[{"embeddable":true,"href":"https:\/\/www.sktlib.cz\/index.php?rest_route=%2Fwp%2Fv2%2Fcomments&post=201"}],"version-history":[{"count":8,"href":"https:\/\/www.sktlib.cz\/index.php?rest_route=\/wp\/v2\/pages\/201\/revisions"}],"predecessor-version":[{"id":1932,"href":"https:\/\/www.sktlib.cz\/index.php?rest_route=\/wp\/v2\/pages\/201\/revisions\/1932"}],"up":[{"embeddable":true,"href":"https:\/\/www.sktlib.cz\/index.php?rest_route=\/wp\/v2\/pages\/4"}],"wp:featuredmedia":[{"embeddable":true,"href":"https:\/\/www.sktlib.cz\/index.php?rest_route=\/wp\/v2\/media\/1419"}],"wp:attachment":[{"href":"https:\/\/www.sktlib.cz\/index.php?rest_route=%2Fwp%2Fv2%2Fmedia&parent=201"}],"curies":[{"name":"wp","href":"https:\/\/api.w.org\/{rel}","templated":true}]}}