{"id":2068,"date":"2026-03-31T15:59:10","date_gmt":"2026-03-31T13:59:10","guid":{"rendered":"https:\/\/www.sktlib.cz\/?page_id=2068"},"modified":"2026-03-31T16:03:51","modified_gmt":"2026-03-31T14:03:51","slug":"mudr-jaroslav-svorc-2","status":"publish","type":"page","link":"https:\/\/www.sktlib.cz\/?page_id=2068","title":{"rendered":"MUDr. Jaroslav \u0160vorc"},"content":{"rendered":"\n<p class=\"wp-block-paragraph\"><\/p>\n\n\n\n<div class=\"wp-block-media-text is-stacked-on-mobile\"><figure class=\"wp-block-media-text__media\"><img decoding=\"async\" src=\"https:\/\/www.sktlib.cz\/wp-content\/uploads\/2026\/03\/Jaroslav-Svorc-foto.jpg\" alt=\"\" class=\"wp-image-2069 size-full\"\/><\/figure><div class=\"wp-block-media-text__content\">\n<h2 class=\"wp-block-heading\">MUDr. Jaroslav \u0160vorc<\/h2>\n\n\n\n<p class=\"wp-block-paragraph\">Praktick\u00fd l\u00e9ka\u0159 <\/p>\n\n\n\n<p class=\"wp-block-paragraph\">Psychosomatika <\/p>\n\n\n\n<p class=\"wp-block-paragraph\">Rodinn\u00e1 terapie (adept)<\/p>\n<\/div><\/div>\n\n\n\n<ul class=\"wp-block-list\">\n<li>Vzd\u011bl\u00e1n\u00ed:<\/li>\n\n\n\n<li>2010 &#8211; 2016 &#8211; 2. LF Univerzity Karlovy v\u00a0Praze \u2013 obor V\u0161eobecn\u00e9 l\u00e9ka\u0159stv\u00ed<\/li>\n\n\n\n<li>2020 &#8211; Atestace v\u00a0oboru V\u0161eobecn\u00e9 praktick\u00e9 l\u00e9ka\u0159stv\u00ed<\/li>\n\n\n\n<li>2022 \u2013 Zah\u00e1jen Komplexn\u00ed vzd\u011bl\u00e1vac\u00ed program v rodinn\u00e9 terapii psychosomatick\u00fdch poruch, MUDr. V. Chv\u00e1la, PhDr. L. Trapkov\u00e1<\/li>\n\n\n\n<li>2023 \u2013 Atestace v\u00a0n\u00e1stavbov\u00e9m oboru Psychosomatika<\/li>\n\n\n\n<li>Profesn\u00ed \u010dinnost:<\/li>\n\n\n\n<li>Soukrom\u00e1 praxe praktick\u00e9ho l\u00e9ka\u0159e pro dosp\u011bl\u00e9 \u2013 2016 \u2013 dosud<\/li>\n\n\n\n<li>Soukrom\u00e1 praxe psychosomatiky \u2013 2024 \u2013 dosud<\/li>\n\n\n\n<li><a href=\"http:\/\/www.navicula.cz\/\">http:\/\/www.navicula.cz\/<\/a><\/li>\n<\/ul>\n\n\n\n<p class=\"wp-block-paragraph\"><\/p>\n","protected":false},"excerpt":{"rendered":"<p>MUDr. Jaroslav \u0160vorc Praktick\u00fd l\u00e9ka\u0159 Psychosomatika Rodinn\u00e1 terapie (adept)<\/p>\n","protected":false},"author":1,"featured_media":0,"parent":1501,"menu_order":0,"comment_status":"closed","ping_status":"closed","template":"","meta":{"_crdt_document":"","footnotes":""},"class_list":["post-2068","page","type-page","status-publish","hentry"],"jetpack_sharing_enabled":true,"_links":{"self":[{"href":"https:\/\/www.sktlib.cz\/index.php?rest_route=\/wp\/v2\/pages\/2068","targetHints":{"allow":["GET"]}}],"collection":[{"href":"https:\/\/www.sktlib.cz\/index.php?rest_route=\/wp\/v2\/pages"}],"about":[{"href":"https:\/\/www.sktlib.cz\/index.php?rest_route=\/wp\/v2\/types\/page"}],"author":[{"embeddable":true,"href":"https:\/\/www.sktlib.cz\/index.php?rest_route=\/wp\/v2\/users\/1"}],"replies":[{"embeddable":true,"href":"https:\/\/www.sktlib.cz\/index.php?rest_route=%2Fwp%2Fv2%2Fcomments&post=2068"}],"version-history":[{"count":2,"href":"https:\/\/www.sktlib.cz\/index.php?rest_route=\/wp\/v2\/pages\/2068\/revisions"}],"predecessor-version":[{"id":2073,"href":"https:\/\/www.sktlib.cz\/index.php?rest_route=\/wp\/v2\/pages\/2068\/revisions\/2073"}],"up":[{"embeddable":true,"href":"https:\/\/www.sktlib.cz\/index.php?rest_route=\/wp\/v2\/pages\/1501"}],"wp:attachment":[{"href":"https:\/\/www.sktlib.cz\/index.php?rest_route=%2Fwp%2Fv2%2Fmedia&parent=2068"}],"curies":[{"name":"wp","href":"https:\/\/api.w.org\/{rel}","templated":true}]}}