{"id":210,"date":"2013-08-22T10:32:21","date_gmt":"2013-08-22T08:32:21","guid":{"rendered":"http:\/\/www.sktlib.cz\/?page_id=210"},"modified":"2024-08-30T17:29:27","modified_gmt":"2024-08-30T15:29:27","slug":"mgr-petra-sucha","status":"publish","type":"page","link":"https:\/\/www.sktlib.cz\/?page_id=210","title":{"rendered":"Mgr. Petra Jirk\u016fvov\u00e1"},"content":{"rendered":"<p><em>Fyzioterapeutka<\/em><\/p>\n<p><span style=\"text-decoration: underline;\"><b>Vzd\u011bl\u00e1n\u00ed:<\/b><\/span> bakal\u00e1\u0159sk\u00fd obor vystudovala na 3LF UK, ukon\u010deno promoc\u00ed 2009, magistersk\u00fd obor na FTVS UK, ukon\u010deno promoc\u00ed 2012<\/p>\n<p><span style=\"text-decoration: underline;\"><b>Praxe:<\/b><\/span> 2007 letn\u00ed praxe v Rehabilita\u010dn\u00edm \u00dastavu Kladruby, 2007- 2009 dobrovoln\u00fd pracovn\u00edk v ob\u010dansk\u00e9m sdru\u017een\u00ed bB kontakt, 2008- 2009 instruktor v aerobn\u00ed m\u00edstnosti V\u0160TJ Medicina Praha, 12. 10. 2009- 31. 3. 2013 fyzioterapeut v Revmatologick\u00e9m \u00fastavu Praha, od 1.4. 2013 SKT. Nyn\u00ed na MD.<\/p>\n<figure id=\"attachment_47\" aria-describedby=\"caption-attachment-47\" style=\"width: 180px\" class=\"wp-caption alignright\"><a href=\"http:\/\/www.sktlib.cz\/wp-content\/uploads\/2013\/08\/Petra-S.jpg\"><img loading=\"lazy\" decoding=\"async\" class=\" wp-image-47  \" style=\"border: 1px solid black; margin: 5px;\" src=\"http:\/\/www.sktlib.cz\/wp-content\/uploads\/2013\/08\/Petra-S-300x300.jpg\" alt=\"\" width=\"180\" height=\"180\" srcset=\"https:\/\/www.sktlib.cz\/wp-content\/uploads\/2013\/08\/Petra-S-300x300.jpg 300w, https:\/\/www.sktlib.cz\/wp-content\/uploads\/2013\/08\/Petra-S-150x150.jpg 150w, https:\/\/www.sktlib.cz\/wp-content\/uploads\/2013\/08\/Petra-S-1024x1024.jpg 1024w\" sizes=\"auto, (max-width: 180px) 100vw, 180px\" \/><\/a><figcaption id=\"caption-attachment-47\" class=\"wp-caption-text\">Mgr.Petra Jirk\u016fvov\u00e1<\/figcaption><\/figure>\n<p><span style=\"text-decoration: underline;\"><b>Kurzy<\/b><\/span>: Kvadruped\u00e1ln\u00ed lokomoce v prevenci a l\u00e9\u010db\u011b hybn\u00fdch poruch osov\u00e9ho org\u00e1nu, Prevence a l\u00e9\u010dba bolest\u00ed zad \u010d. I, II- SM syst\u00e9m, Kinezio- taping, Instuktor zdravotn\u00edho plav\u00e1n\u00ed, Podiatrick\u00e9 minimum- vy\u0161et\u0159en\u00ed na podoskopu se syst\u00e9mem PodoCam, Akupresura v syst\u00e9mu celot\u011blov\u00e9 akupunktury, Kinesiology taping by K-Active (n\u00e1stavbov\u00fd kurz), Cvi\u010den\u00ed u skoli\u00f3z<\/p>\n<p><b><span style=\"text-decoration: underline;\">Aktivn\u00ed \u00fa\u010dast na kongresech: <\/span><\/b>2010 54. sjezd \u010desk\u00fdch a slovensk\u00fdch revmatolog\u016f (p\u0159edn\u00e1\u0161ka s n\u00e1zvem: Mo\u017enosti vyu\u017eit\u00ed SM syst\u00e9mu u ankylozuj\u00edc\u00ed spondylartritidy), 56. sjezd \u010desk\u00fdch a slovensk\u00fdch revmatolog\u016f (p\u0159edn\u00e1\u0161ka s n\u00e1zvem: Fyzioterapie u aloplastik hlezenn\u00edho kloubu)<\/p>\n<p><em>kontakt: suchapetraa@gmail.com<\/em><\/p>\n","protected":false},"excerpt":{"rendered":"<p>Fyzioterapeutka Vzd\u011bl\u00e1n\u00ed: bakal\u00e1\u0159sk\u00fd obor vystudovala na 3LF UK, ukon\u010deno promoc\u00ed 2009, magistersk\u00fd obor na FTVS UK, ukon\u010deno promoc\u00ed 2012 Praxe: 2007 letn\u00ed praxe v Rehabilita\u010dn\u00edm \u00dastavu Kladruby, 2007- 2009 dobrovoln\u00fd pracovn\u00edk v ob\u010dansk\u00e9m sdru\u017een\u00ed bB kontakt, 2008- 2009 instruktor v<\/p>\n","protected":false},"author":1,"featured_media":0,"parent":4,"menu_order":12,"comment_status":"closed","ping_status":"closed","template":"","meta":{"_crdt_document":"","footnotes":""},"class_list":["post-210","page","type-page","status-publish","hentry"],"jetpack_sharing_enabled":true,"_links":{"self":[{"href":"https:\/\/www.sktlib.cz\/index.php?rest_route=\/wp\/v2\/pages\/210","targetHints":{"allow":["GET"]}}],"collection":[{"href":"https:\/\/www.sktlib.cz\/index.php?rest_route=\/wp\/v2\/pages"}],"about":[{"href":"https:\/\/www.sktlib.cz\/index.php?rest_route=\/wp\/v2\/types\/page"}],"author":[{"embeddable":true,"href":"https:\/\/www.sktlib.cz\/index.php?rest_route=\/wp\/v2\/users\/1"}],"replies":[{"embeddable":true,"href":"https:\/\/www.sktlib.cz\/index.php?rest_route=%2Fwp%2Fv2%2Fcomments&post=210"}],"version-history":[{"count":3,"href":"https:\/\/www.sktlib.cz\/index.php?rest_route=\/wp\/v2\/pages\/210\/revisions"}],"predecessor-version":[{"id":1734,"href":"https:\/\/www.sktlib.cz\/index.php?rest_route=\/wp\/v2\/pages\/210\/revisions\/1734"}],"up":[{"embeddable":true,"href":"https:\/\/www.sktlib.cz\/index.php?rest_route=\/wp\/v2\/pages\/4"}],"wp:attachment":[{"href":"https:\/\/www.sktlib.cz\/index.php?rest_route=%2Fwp%2Fv2%2Fmedia&parent=210"}],"curies":[{"name":"wp","href":"https:\/\/api.w.org\/{rel}","templated":true}]}}