{"id":291,"date":"2013-08-23T11:45:04","date_gmt":"2013-08-23T09:45:04","guid":{"rendered":"http:\/\/www.sktlib.cz\/?page_id=291"},"modified":"2025-08-22T20:05:51","modified_gmt":"2025-08-22T18:05:51","slug":"jana-pikousova","status":"publish","type":"page","link":"https:\/\/www.sktlib.cz\/?page_id=291","title":{"rendered":"MUDr. Lenka Svr\u010dinov\u00e1"},"content":{"rendered":"\n<figure class=\"wp-block-image\"><img decoding=\"async\" src=\"https:\/\/www.sktlib.cz\/wp-content\/uploads\/2024\/09\/foto_svrcinova-150x150.png\" alt=\"\"\/><\/figure>\n\n\n\n<p class=\"wp-block-paragraph\">Od z\u00e1\u0159\u00ed 2024 pracuje u n\u00e1s MUDr. Lenka Svr\u010dinov\u00e1.&nbsp;<\/p>\n\n\n\n<ul class=\"wp-block-list\">\n<li><strong>MUDr. Lenka Svr\u010dinov\u00e1<\/strong><\/li>\n\n\n\n<li><em>l\u00e9ka\u0159ka \u2013 psychiatrie, psychoterapeutka<\/em><\/li>\n\n\n\n<li>MUDr. Lenka Svr\u010dinov\u00e1 je absolventkou 3.l\u00e9ka\u0159sk\u00e9 fakulty UK v Praze, promovala v roce 2010.<\/li>\n\n\n\n<li>V letech 2010-2024 pracovala v Centru psychiatrie KNL, a.s., p\u0159edev\u0161\u00edm na psychoterapeutick\u00e9m odd\u011blen\u00ed. Od roku 2011 spolupracuje s multidisciplin\u00e1rn\u00edm t\u00fdmem Ambulance bolesti, KNL, a.s.<\/li>\n\n\n\n<li>Od roku 2021 se zapojuje do aktivit \u00dasm\u011bvu m\u00e1my, z.s. jako odborn\u00e1 i peer konzultantka.<\/li>\n\n\n\n<li>Od r. 2024 je \u010dlenkou t\u00fdmu SKT, z\u00e1rove\u0148 pracuje v Centru du\u0161evn\u00edho zdrav\u00ed Fokus v Liberci.<\/li>\n\n\n\n<li>Vzd\u011bl\u00e1n\u00ed: <\/li>\n\n\n\n<li>2004 &#8211; 2010           3. l\u00e9ka\u0159sk\u00e1 fakulta Univerzity Karlovy v&nbsp;Praze &#8211; obor V\u0161eobecn\u00e9 l\u00e9ka\u0159stv\u00ed<\/li>\n\n\n\n<li>05\/2016&nbsp;&nbsp;&nbsp;&nbsp;&nbsp;&nbsp;&nbsp;&nbsp;&nbsp;&nbsp;&nbsp;&nbsp;&nbsp;&nbsp;&nbsp;&nbsp; Specializovan\u00e1 zp\u016fsobilost v oboru Psychiatrie<\/li>\n\n\n\n<li>2013 &#8211; 2017&nbsp;&nbsp;&nbsp;&nbsp;&nbsp;&nbsp;&nbsp;&nbsp;&nbsp;  Komplexn\u00ed vzd\u011bl\u00e1vac\u00ed program v psychoterapii ve sm\u011bru dynamick\u00e9m s d\u016frazem&nbsp;na celostn\u00ed &#8211; psychosomatick\u00fd p\u0159\u00edstup (t.\u010d. supervizn\u00ed \u010d\u00e1st)<\/li>\n<\/ul>\n\n\n\n<pre class=\"wp-block-preformatted\"><\/pre>\n","protected":false},"excerpt":{"rendered":"<p>Od z\u00e1\u0159\u00ed 2024 pracuje u n\u00e1s MUDr. Lenka Svr\u010dinov\u00e1.&nbsp;<\/p>\n","protected":false},"author":1,"featured_media":1807,"parent":4,"menu_order":17,"comment_status":"closed","ping_status":"closed","template":"","meta":{"_crdt_document":"","footnotes":""},"class_list":["post-291","page","type-page","status-publish","has-post-thumbnail","hentry"],"jetpack_sharing_enabled":true,"_links":{"self":[{"href":"https:\/\/www.sktlib.cz\/index.php?rest_route=\/wp\/v2\/pages\/291","targetHints":{"allow":["GET"]}}],"collection":[{"href":"https:\/\/www.sktlib.cz\/index.php?rest_route=\/wp\/v2\/pages"}],"about":[{"href":"https:\/\/www.sktlib.cz\/index.php?rest_route=\/wp\/v2\/types\/page"}],"author":[{"embeddable":true,"href":"https:\/\/www.sktlib.cz\/index.php?rest_route=\/wp\/v2\/users\/1"}],"replies":[{"embeddable":true,"href":"https:\/\/www.sktlib.cz\/index.php?rest_route=%2Fwp%2Fv2%2Fcomments&post=291"}],"version-history":[{"count":6,"href":"https:\/\/www.sktlib.cz\/index.php?rest_route=\/wp\/v2\/pages\/291\/revisions"}],"predecessor-version":[{"id":1813,"href":"https:\/\/www.sktlib.cz\/index.php?rest_route=\/wp\/v2\/pages\/291\/revisions\/1813"}],"up":[{"embeddable":true,"href":"https:\/\/www.sktlib.cz\/index.php?rest_route=\/wp\/v2\/pages\/4"}],"wp:featuredmedia":[{"embeddable":true,"href":"https:\/\/www.sktlib.cz\/index.php?rest_route=\/wp\/v2\/media\/1807"}],"wp:attachment":[{"href":"https:\/\/www.sktlib.cz\/index.php?rest_route=%2Fwp%2Fv2%2Fmedia&parent=291"}],"curies":[{"name":"wp","href":"https:\/\/api.w.org\/{rel}","templated":true}]}}