{"id":601,"date":"2013-09-19T07:47:50","date_gmt":"2013-09-19T05:47:50","guid":{"rendered":"http:\/\/www.sktlib.cz\/?page_id=601"},"modified":"2025-08-22T19:35:26","modified_gmt":"2025-08-22T17:35:26","slug":"mgr-monika-becvarova","status":"publish","type":"page","link":"https:\/\/www.sktlib.cz\/?page_id=601","title":{"rendered":"Mgr.Monika Be\u010dv\u00e1\u0159ov\u00e1"},"content":{"rendered":"\n<figure class=\"wp-block-image alignleft\"><a href=\"http:\/\/www.sktlib.cz\/wp-content\/uploads\/2013\/09\/DSC_1347cut.jpg\"><img decoding=\"async\" src=\"http:\/\/www.sktlib.cz\/wp-content\/uploads\/2013\/09\/DSC_1347cut-300x189.jpg\" alt=\"DSC_1347cut\" class=\"wp-image-602\"\/><\/a><\/figure>\n\n\n\n<h2 class=\"wp-block-heading\">psycholo\u017eka, individu\u00e1ln\u00ed psychoterapie<\/h2>\n\n\n\n<p class=\"wp-block-paragraph\">Vzd\u011bl\u00e1n\u00ed: jednooborov\u00e1 psychologie na FF&nbsp; MU, v\u00fdcvik v psychodynamicky a hlubin\u011b orientovan\u00e9 psychoterapii, gestalt terapii, kurz homeopatie, Darja shiatsu school, kurz V\u011bdom\u00e9 t\u011blo. <\/p>\n\n\n\n<p class=\"wp-block-paragraph\">Praxe: Somatick\u00e1 odd\u011blen\u00ed nemocnice Liberec, \u010dlen t\u00fdmu SKT.  Praxe soukrom\u00e1 (nyn\u00ed p\u0159ij\u00edm\u00e1): <a href=\"http:\/\/www.psychoterapie-becvarova.cz\">www.psychoterapie-becvarova.cz<\/a><\/p>\n","protected":false},"excerpt":{"rendered":"<p>psycholo\u017eka, individu\u00e1ln\u00ed psychoterapie Vzd\u011bl\u00e1n\u00ed: jednooborov\u00e1 psychologie na FF&nbsp; MU, v\u00fdcvik v psychodynamicky a hlubin\u011b orientovan\u00e9 psychoterapii, gestalt terapii, kurz homeopatie, Darja shiatsu school, kurz V\u011bdom\u00e9 t\u011blo. Praxe: Somatick\u00e1 odd\u011blen\u00ed nemocnice Liberec, \u010dlen t\u00fdmu SKT. Praxe soukrom\u00e1 (nyn\u00ed p\u0159ij\u00edm\u00e1): www.psychoterapie-becvarova.cz<\/p>\n","protected":false},"author":1,"featured_media":0,"parent":4,"menu_order":15,"comment_status":"closed","ping_status":"closed","template":"","meta":{"_crdt_document":"","footnotes":""},"class_list":["post-601","page","type-page","status-publish","hentry"],"jetpack_sharing_enabled":true,"_links":{"self":[{"href":"https:\/\/www.sktlib.cz\/index.php?rest_route=\/wp\/v2\/pages\/601","targetHints":{"allow":["GET"]}}],"collection":[{"href":"https:\/\/www.sktlib.cz\/index.php?rest_route=\/wp\/v2\/pages"}],"about":[{"href":"https:\/\/www.sktlib.cz\/index.php?rest_route=\/wp\/v2\/types\/page"}],"author":[{"embeddable":true,"href":"https:\/\/www.sktlib.cz\/index.php?rest_route=\/wp\/v2\/users\/1"}],"replies":[{"embeddable":true,"href":"https:\/\/www.sktlib.cz\/index.php?rest_route=%2Fwp%2Fv2%2Fcomments&post=601"}],"version-history":[{"count":7,"href":"https:\/\/www.sktlib.cz\/index.php?rest_route=\/wp\/v2\/pages\/601\/revisions"}],"predecessor-version":[{"id":1921,"href":"https:\/\/www.sktlib.cz\/index.php?rest_route=\/wp\/v2\/pages\/601\/revisions\/1921"}],"up":[{"embeddable":true,"href":"https:\/\/www.sktlib.cz\/index.php?rest_route=\/wp\/v2\/pages\/4"}],"wp:attachment":[{"href":"https:\/\/www.sktlib.cz\/index.php?rest_route=%2Fwp%2Fv2%2Fmedia&parent=601"}],"curies":[{"name":"wp","href":"https:\/\/api.w.org\/{rel}","templated":true}]}}