{"id":609,"date":"2013-11-15T07:58:28","date_gmt":"2013-11-15T06:58:28","guid":{"rendered":"http:\/\/www.sktlib.cz\/?page_id=609"},"modified":"2025-08-22T19:49:26","modified_gmt":"2025-08-22T17:49:26","slug":"mgr-michela-hrusova","status":"publish","type":"page","link":"https:\/\/www.sktlib.cz\/?page_id=609","title":{"rendered":"Mgr. Michela Laurinov\u00e1"},"content":{"rendered":"\n<p class=\"wp-block-paragraph\"><a href=\"file:\/\/\/C:\/Users\/chvala.vladislav\/Documents\/SYNCHRONIZOVAN\u00c9\/My%20Webs\/My%20Web_SKT\/stuplova_info.htm\">Mgr.M\u00edchaela HRU\u0160OV\u00c1, registrovan\u00e1 fyzioterapeutka<\/a><\/p>\n\n\n\n<figure class=\"wp-block-image\"><a href=\"https:\/\/www.sktlib.cz\/wp-content\/uploads\/2025\/07\/misa-Laurinova.jpg\"><img loading=\"lazy\" decoding=\"async\" width=\"266\" height=\"300\" src=\"https:\/\/www.sktlib.cz\/wp-content\/uploads\/2025\/07\/misa-Laurinova-266x300.jpg\" alt=\"\" class=\"wp-image-1893\" srcset=\"https:\/\/www.sktlib.cz\/wp-content\/uploads\/2025\/07\/misa-Laurinova-266x300.jpg 266w, https:\/\/www.sktlib.cz\/wp-content\/uploads\/2025\/07\/misa-Laurinova-133x150.jpg 133w, https:\/\/www.sktlib.cz\/wp-content\/uploads\/2025\/07\/misa-Laurinova.jpg 650w\" sizes=\"auto, (max-width: 266px) 100vw, 266px\" \/><\/a><\/figure>\n\n\n\n<address><b>Praxe<\/b>: r.2006-2008 Nemocnice Jablonec n.N. \u2013 odd.rehabilitace a fyzik\u00e1ln\u00ed medic\u00edny, od r.2008 \u010dlen t\u00fdmu SKT Liberec, t\u010d. na mate\u0159sk\u00e9 dovolen\u00e9<\/address>\n\n\n\n<p class=\"wp-block-paragraph\"><\/p>\n\n\n\n<p class=\"wp-block-paragraph\"><b>Vzd\u011bl\u00e1n\u00ed<\/b>: UK Praha FTVS obor fyzioterapie, promoce 2006<\/p>\n\n\n\n<address><b>Kurzy<\/b>: Manu\u00e1ln\u00ed terapie podle Moj\u017e\u00ed\u0161ov\u00e9, Terapie skoli\u00f3z podle Schrotov\u00e9, Manu\u00e1ln\u00ed&nbsp;lymfodren\u00e1\u017ee, Taping-prevence poruch pohybov\u00e9ho apar\u00e1tu, Sportovn\u00ed fyzioterapie a tr\u00e9nink I., Diagnostika a terapie funk\u010dn\u00edch poruch (A,B,C), Reflexn\u00ed terapie plosek, Mas\u00e1\u017ee l\u00e1vov\u00fdmi kameny<\/address>\n\n\n\n<address><b>Semin\u00e1\u0159e<\/b>: Metoda McKenzie, Komplexn\u00ed psychosomatick\u00fd p\u0159\u00edstup ve fyzioterapii, aj.<span style=\"font-family: Arial; font-size: small;\"><br>Vice na: <a href=\"http:\/\/www.komplexni-terapie.com\">www.komplexni-terapie.com<\/a>&nbsp; &nbsp;<\/span><\/address>\n","protected":false},"excerpt":{"rendered":"<p>Mgr.M\u00edchaela HRU\u0160OV\u00c1, registrovan\u00e1 fyzioterapeutka Praxe: r.2006-2008 Nemocnice Jablonec n.N. \u2013 odd.rehabilitace a fyzik\u00e1ln\u00ed medic\u00edny, od r.2008 \u010dlen t\u00fdmu SKT Liberec, t\u010d. na mate\u0159sk\u00e9 dovolen\u00e9 Vzd\u011bl\u00e1n\u00ed: UK Praha FTVS obor fyzioterapie, promoce 2006 Kurzy: Manu\u00e1ln\u00ed terapie podle Moj\u017e\u00ed\u0161ov\u00e9, Terapie skoli\u00f3z podle<\/p>\n","protected":false},"author":1,"featured_media":119,"parent":4,"menu_order":20,"comment_status":"closed","ping_status":"closed","template":"","meta":{"_crdt_document":"","footnotes":""},"class_list":["post-609","page","type-page","status-publish","has-post-thumbnail","hentry"],"jetpack_sharing_enabled":true,"_links":{"self":[{"href":"https:\/\/www.sktlib.cz\/index.php?rest_route=\/wp\/v2\/pages\/609","targetHints":{"allow":["GET"]}}],"collection":[{"href":"https:\/\/www.sktlib.cz\/index.php?rest_route=\/wp\/v2\/pages"}],"about":[{"href":"https:\/\/www.sktlib.cz\/index.php?rest_route=\/wp\/v2\/types\/page"}],"author":[{"embeddable":true,"href":"https:\/\/www.sktlib.cz\/index.php?rest_route=\/wp\/v2\/users\/1"}],"replies":[{"embeddable":true,"href":"https:\/\/www.sktlib.cz\/index.php?rest_route=%2Fwp%2Fv2%2Fcomments&post=609"}],"version-history":[{"count":4,"href":"https:\/\/www.sktlib.cz\/index.php?rest_route=\/wp\/v2\/pages\/609\/revisions"}],"predecessor-version":[{"id":1929,"href":"https:\/\/www.sktlib.cz\/index.php?rest_route=\/wp\/v2\/pages\/609\/revisions\/1929"}],"up":[{"embeddable":true,"href":"https:\/\/www.sktlib.cz\/index.php?rest_route=\/wp\/v2\/pages\/4"}],"wp:featuredmedia":[{"embeddable":true,"href":"https:\/\/www.sktlib.cz\/index.php?rest_route=\/wp\/v2\/media\/119"}],"wp:attachment":[{"href":"https:\/\/www.sktlib.cz\/index.php?rest_route=%2Fwp%2Fv2%2Fmedia&parent=609"}],"curies":[{"name":"wp","href":"https:\/\/api.w.org\/{rel}","templated":true}]}}