{"id":910,"date":"2018-06-29T10:44:30","date_gmt":"2018-06-29T08:44:30","guid":{"rendered":"http:\/\/www.sktlib.cz\/?page_id=910"},"modified":"2025-08-22T19:42:46","modified_gmt":"2025-08-22T17:42:46","slug":"david-cichak","status":"publish","type":"page","link":"https:\/\/www.sktlib.cz\/?page_id=910","title":{"rendered":"PhDr.David Cich\u00e1k"},"content":{"rendered":"\n<h3 class=\"wp-block-heading\">speci\u00e1ln\u00ed pedagog, psychoterapeut a rodinn\u00fd terapeut<br><figure><img loading=\"lazy\" decoding=\"async\" class=\"size-medium wp-image-912 alignright\" src=\"http:\/\/www.sktlib.cz\/wp-content\/uploads\/2018\/06\/Cichak-David-300x213.jpg\" alt=\"\" width=\"300\" height=\"213\"><\/figure><\/h3>\n\n\n\n<h3 class=\"wp-block-heading\">Odborn\u00e9 vzd\u011bl\u00e1n\u00ed:<\/h3>\n\n\n\n<ul class=\"wp-block-list\">\n<li>Pedagogick\u00e1 fakulta, UJAK Praha, obor Speci\u00e1ln\u00ed pedagogika, 2004 &#8211; 2006, Mgr.<\/li>\n\n\n\n<li>Pedagogick\u00e1 fakulta, UJAK Praha, rigor\u00f3zn\u00ed zkou\u0161ka, 2008, PhDr.<\/li>\n\n\n\n<li>Sebezku\u0161enostn\u00ed v\u00fdcvik ve skupinov\u00e9 psychoterapii &#8211; SUR, 1997 &#8211; 2001, 600 hodin, PhDr. M. Frouzov\u00e1, J. Heller<\/li>\n\n\n\n<li>Komplexn\u00ed vzd\u011bl\u00e1vac\u00ed program v rodinn\u00e9 terapii psychosomatick\u00fdch poruch, 2004 &#8211; 2008, 500 hodin, MUDr. V. Chv\u00e1la, PhDr. L. Trapkov\u00e1<\/li>\n\n\n\n<li>V\u00fdcvikov\u00fd kurz v telefonick\u00e9 krizov\u00e9 intervenci, 1999, 100 hodin<\/li>\n\n\n\n<li>Terapie partnersk\u00e9ho vztahu, 2011 &#8211; 2012, 100 hodin, Mgr. J. Knop, Mgr. M. Zemanov\u00e1<\/li>\n\n\n\n<li>Asociace man\u017eelsk\u00fdch a rodinn\u00fdch poradc\u016f \u201ePoradensk\u00e1 propedeutika\u201c, 2004<\/li>\n\n\n\n<li>Focusing, PhDr. K. Kop\u0159iva<\/li>\n\n\n\n<li>Supervizn\u00ed v\u00fdcvik \u010cIS, 2013 &#8211; 2016, 500 hodin, MUDr. J. Pfeiffer, PhDr. V. \u010cerm\u00e1kov\u00e1<\/li>\n\n\n\n<li>V\u00fdcvik v psychoanalytick\u00e9 p\u00e1rov\u00e9 a rodinn\u00e9 psychoterapii, 2015 &#8211; 2018, 200 hodin, PhDr. S. Titl, Mgr. L. Luck\u00e1<\/li>\n<\/ul>\n\n\n\n<h3 class=\"wp-block-heading\">Profesn\u00ed \u010dinnost:<\/h3>\n\n\n\n<ul class=\"wp-block-list\">\n<li>Soukrom\u00e1 praxe &#8211; <a href=\"http:\/\/www.inspiraceliberec.cz\">Inspirace psychoterapeutick\u00e9 a vzd\u011bl\u00e1vac\u00ed centrum<\/a> 2015 &#8211; dosud<\/li>\n\n\n\n<li>Poradna pro rodinu, man\u017eelstv\u00ed a mezilidsk\u00e9 vztahy \u2013 2004 \u2013 dosud<\/li>\n\n\n\n<li>Extern\u00ed vyu\u010duj\u00edc\u00ed na Technick\u00e9 Univezit\u011b Liberec \u2013 2013 &#8211; 2015<\/li>\n\n\n\n<li>Terapeutick\u00e1 komunita pro drogov\u011b z\u00e1visl\u00e9 Nov\u00e1 Ves \u2013 2003 &#8211; 2004<\/li>\n\n\n\n<li>Terapeutick\u00e1 komunita pro drogov\u011b z\u00e1visl\u00e9 Magdalena Mn\u00ed\u0161ek p. Brdy \u2013 2002 -2003<\/li>\n\n\n\n<li>Psychoterapeutick\u00e1 ordinace Patrimonio Praha \u2013 2001 &#8211; 2004<\/li>\n\n\n\n<li>Linka d\u016fv\u011bry Liberec &#8211; 2000 &#8211; 2001<\/li>\n\n\n\n<li>Terapeutick\u00e1 komunita pro drogov\u011b z\u00e1visl\u00e9 Muka\u0159ov \u2013 2000 \u2013 2001<\/li>\n\n\n\n<li>Preventivn\u00ed a krizov\u00e9 centrum pro ml\u00e1de\u017e Locus L Liberec \u2013 1997 \u2013 2001<\/li>\n\n\n\n<li>D\u011btsk\u00fd domov Krompach v \u010cech\u00e1ch &#8211; 1996<\/li>\n\n\n\n<li>Domov ml\u00e1de\u017ee \u00dast\u00ed n. Labem \u2013 1995 -1996<\/li>\n<\/ul>\n\n\n\n<p class=\"wp-block-paragraph\">&nbsp;<\/p>\n","protected":false},"excerpt":{"rendered":"<p>speci\u00e1ln\u00ed pedagog, psychoterapeut a rodinn\u00fd terapeut Odborn\u00e9 vzd\u011bl\u00e1n\u00ed: Profesn\u00ed \u010dinnost: &nbsp;<\/p>\n","protected":false},"author":1,"featured_media":0,"parent":4,"menu_order":0,"comment_status":"closed","ping_status":"closed","template":"","meta":{"_crdt_document":"","footnotes":""},"class_list":["post-910","page","type-page","status-publish","hentry"],"jetpack_sharing_enabled":true,"_links":{"self":[{"href":"https:\/\/www.sktlib.cz\/index.php?rest_route=\/wp\/v2\/pages\/910","targetHints":{"allow":["GET"]}}],"collection":[{"href":"https:\/\/www.sktlib.cz\/index.php?rest_route=\/wp\/v2\/pages"}],"about":[{"href":"https:\/\/www.sktlib.cz\/index.php?rest_route=\/wp\/v2\/types\/page"}],"author":[{"embeddable":true,"href":"https:\/\/www.sktlib.cz\/index.php?rest_route=\/wp\/v2\/users\/1"}],"replies":[{"embeddable":true,"href":"https:\/\/www.sktlib.cz\/index.php?rest_route=%2Fwp%2Fv2%2Fcomments&post=910"}],"version-history":[{"count":6,"href":"https:\/\/www.sktlib.cz\/index.php?rest_route=\/wp\/v2\/pages\/910\/revisions"}],"predecessor-version":[{"id":1924,"href":"https:\/\/www.sktlib.cz\/index.php?rest_route=\/wp\/v2\/pages\/910\/revisions\/1924"}],"up":[{"embeddable":true,"href":"https:\/\/www.sktlib.cz\/index.php?rest_route=\/wp\/v2\/pages\/4"}],"wp:attachment":[{"href":"https:\/\/www.sktlib.cz\/index.php?rest_route=%2Fwp%2Fv2%2Fmedia&parent=910"}],"curies":[{"name":"wp","href":"https:\/\/api.w.org\/{rel}","templated":true}]}}